{"id":9854,"date":"2025-01-07T15:42:04","date_gmt":"2025-01-07T15:42:04","guid":{"rendered":"https:\/\/jeanreusse.ch\/product\/atu-sq-filtre-regulateur-pour-profil-carre\/"},"modified":"2025-02-10T15:40:36","modified_gmt":"2025-02-10T15:40:36","slug":"atu-sq-filtre-regulateur-pour-profil-carre","status":"publish","type":"product","link":"https:\/\/jeanreusse.ch\/de\/produkt\/atu-sq-filtre-regulateur-pour-profil-carre\/","title":{"rendered":"ATU SQ &#8211; Filtre-r\u00e9gulateur pour profil carr\u00e9"},"content":{"rendered":"<p>Raccord<br \/>\n                : ISI 06<br \/>\nTechnologie: PPS Grip Concept<br \/>\nPression d&#8217;utilisation: 0 \u00e0 16 bar<br \/>\nVide: -0.98 bar (98% vide)<br \/>\nTemp\u00e9rature: -20\u00b0C \u00e0 +80\u00b0C<br \/>\nMati\u00e8re: Tube et raccords aluminium<br \/>\nPoint fort: Syst\u00e8me \u00e9volutif<br \/>\nConforme aux normes: DESP REACH<\/p>\n","protected":false},"excerpt":{"rendered":"<p>Raccord : ISI 06 Technologie: PPS Grip Concept Pression d&#8217;utilisation: 0 \u00e0 16 bar Vide: -0.98 bar (98% vide) Temp\u00e9rature: -20\u00b0C \u00e0 +80\u00b0C Mati\u00e8re: Tube et raccords aluminium Point fort: Syst\u00e8me \u00e9volutif Conforme aux normes: DESP REACH<\/p>\n","protected":false},"featured_media":9856,"comment_status":"closed","ping_status":"open","template":"","meta":{"_acf_changed":false},"product_brand":[],"product_cat":[1089,1107,1221],"product_tag":[],"class_list":{"0":"post-9854","1":"product","2":"type-product","3":"status-publish","4":"has-post-thumbnail","6":"product_cat-distribution","7":"product_cat-pieces-reseaux","8":"product_cat-sq-new","11":"instock","12":"product-type-variable"},"acf":[],"_links":{"self":[{"href":"https:\/\/jeanreusse.ch\/de\/wp-json\/wp\/v2\/product\/9854","targetHints":{"allow":["GET"]}}],"collection":[{"href":"https:\/\/jeanreusse.ch\/de\/wp-json\/wp\/v2\/product"}],"about":[{"href":"https:\/\/jeanreusse.ch\/de\/wp-json\/wp\/v2\/types\/product"}],"replies":[{"embeddable":true,"href":"https:\/\/jeanreusse.ch\/de\/wp-json\/wp\/v2\/comments?post=9854"}],"wp:featuredmedia":[{"embeddable":true,"href":"https:\/\/jeanreusse.ch\/de\/wp-json\/wp\/v2\/media\/9856"}],"wp:attachment":[{"href":"https:\/\/jeanreusse.ch\/de\/wp-json\/wp\/v2\/media?parent=9854"}],"wp:term":[{"taxonomy":"product_brand","embeddable":true,"href":"https:\/\/jeanreusse.ch\/de\/wp-json\/wp\/v2\/product_brand?post=9854"},{"taxonomy":"product_cat","embeddable":true,"href":"https:\/\/jeanreusse.ch\/de\/wp-json\/wp\/v2\/product_cat?post=9854"},{"taxonomy":"product_tag","embeddable":true,"href":"https:\/\/jeanreusse.ch\/de\/wp-json\/wp\/v2\/product_tag?post=9854"}],"curies":[{"name":"wp","href":"https:\/\/api.w.org\/{rel}","templated":true}]}}