{"id":9687,"date":"2025-01-07T15:41:21","date_gmt":"2025-01-07T15:41:21","guid":{"rendered":"https:\/\/jeanreusse.ch\/product\/pps1-cirsi-collier-pour-vanne\/"},"modified":"2025-02-18T14:13:45","modified_gmt":"2025-02-18T14:13:45","slug":"pps1-cirsi-collier-pour-vanne","status":"publish","type":"product","link":"https:\/\/jeanreusse.ch\/de\/produkt\/pps1-cirsi-collier-pour-vanne\/","title":{"rendered":"PPS1 CIRSI &#8211; Collier pour vanne"},"content":{"rendered":"<p>Pour tube \u00d8 ext. (mm)<br \/>\n: (1) 16<br \/>\nTechnologie: PPS Grip Concept<br \/>\nPression d&#8217;utilisation: 0 \u00e0 16 bar<br \/>\nVide: -0.98 bar (98% vide)<br \/>\nTemp\u00e9rature: -20\u00b0C \u00e0 +80\u00b0C<br \/>\nMati\u00e8re: Tube et raccords aluminium<br \/>\nPoint fort: Syst\u00e8me \u00e9volutif<br \/>\nConforme aux normes: DESP REACH<\/p>\n","protected":false},"excerpt":{"rendered":"<p>Pour tube \u00d8 ext. (mm) : (1) 16 Technologie: PPS Grip Concept Pression d&#8217;utilisation: 0 \u00e0 16 bar Vide: -0.98 bar (98% vide) Temp\u00e9rature: -20\u00b0C \u00e0 +80\u00b0C Mati\u00e8re: Tube et raccords aluminium Point fort: Syst\u00e8me \u00e9volutif Conforme aux normes: DESP REACH<\/p>\n","protected":false},"featured_media":21125,"comment_status":"closed","ping_status":"closed","template":"","meta":{"_acf_changed":false},"product_brand":[],"product_cat":[1089,1107,1219],"product_tag":[],"class_list":{"0":"post-9687","1":"product","2":"type-product","3":"status-publish","4":"has-post-thumbnail","6":"product_cat-distribution","7":"product_cat-pieces-reseaux","8":"product_cat-fixation","11":"instock","12":"purchasable","13":"product-type-variable"},"acf":[],"_links":{"self":[{"href":"https:\/\/jeanreusse.ch\/de\/wp-json\/wp\/v2\/product\/9687","targetHints":{"allow":["GET"]}}],"collection":[{"href":"https:\/\/jeanreusse.ch\/de\/wp-json\/wp\/v2\/product"}],"about":[{"href":"https:\/\/jeanreusse.ch\/de\/wp-json\/wp\/v2\/types\/product"}],"replies":[{"embeddable":true,"href":"https:\/\/jeanreusse.ch\/de\/wp-json\/wp\/v2\/comments?post=9687"}],"wp:featuredmedia":[{"embeddable":true,"href":"https:\/\/jeanreusse.ch\/de\/wp-json\/wp\/v2\/media\/21125"}],"wp:attachment":[{"href":"https:\/\/jeanreusse.ch\/de\/wp-json\/wp\/v2\/media?parent=9687"}],"wp:term":[{"taxonomy":"product_brand","embeddable":true,"href":"https:\/\/jeanreusse.ch\/de\/wp-json\/wp\/v2\/product_brand?post=9687"},{"taxonomy":"product_cat","embeddable":true,"href":"https:\/\/jeanreusse.ch\/de\/wp-json\/wp\/v2\/product_cat?post=9687"},{"taxonomy":"product_tag","embeddable":true,"href":"https:\/\/jeanreusse.ch\/de\/wp-json\/wp\/v2\/product_tag?post=9687"}],"curies":[{"name":"wp","href":"https:\/\/api.w.org\/{rel}","templated":true}]}}