{"id":20634,"date":"2025-01-07T16:21:40","date_gmt":"2025-01-07T16:21:40","guid":{"rendered":"https:\/\/jeanreusse.ch\/product\/alto-1-zwischenstuck-fur-module-g-1-4\/"},"modified":"2025-01-29T14:31:20","modified_gmt":"2025-01-29T14:31:20","slug":"alto-1-zwischenstuck-fur-module-g-1-4","status":"publish","type":"product","link":"https:\/\/jeanreusse.ch\/de\/produkt\/alto-1-zwischenstuck-fur-module-g-1-4\/","title":{"rendered":"ALTO 1 &#8211; Zwischenst\u00fcck f\u00fcr Module G 1\/4"},"content":{"rendered":"<p>IG BSPP<br \/>\n                : G 1\/4<\/p>\n<p>                    Luftausgang<br \/>\n                : 4 Ausg\u00e4nge f\u00fcr unge\u00f6lte Luft<br \/>\nTemperatur: +5\u00b0C  bis +50 \u00b0C<br \/>\nWerkstoff: K\u00f6rper : Aluminium<br \/>\nBeh\u00e4lter Polycarbonat mit Metallschutz<br \/>\nAusgestattet mit: Manuellem Ablass<\/p>\n","protected":false},"excerpt":{"rendered":"<p>IG BSPP : G 1\/4 Luftausgang : 4 Ausg\u00e4nge f\u00fcr unge\u00f6lte Luft Temperatur: +5\u00b0C bis +50 \u00b0C Werkstoff: K\u00f6rper : Aluminium Beh\u00e4lter Polycarbonat mit Metallschutz Ausgestattet mit: Manuellem Ablass<\/p>\n","protected":false},"featured_media":15271,"comment_status":"closed","ping_status":"open","template":"","meta":{"_acf_changed":false},"product_brand":[],"product_cat":[1392,1158,1088],"product_tag":[],"class_list":{"0":"post-20634","1":"product","2":"type-product","3":"status-publish","4":"has-post-thumbnail","6":"product_cat-alto-1","7":"product_cat-luftbehandlung","8":"product_cat-vertrieb","11":"instock","12":"purchasable","13":"product-type-simple"},"acf":[],"_links":{"self":[{"href":"https:\/\/jeanreusse.ch\/de\/wp-json\/wp\/v2\/product\/20634","targetHints":{"allow":["GET"]}}],"collection":[{"href":"https:\/\/jeanreusse.ch\/de\/wp-json\/wp\/v2\/product"}],"about":[{"href":"https:\/\/jeanreusse.ch\/de\/wp-json\/wp\/v2\/types\/product"}],"replies":[{"embeddable":true,"href":"https:\/\/jeanreusse.ch\/de\/wp-json\/wp\/v2\/comments?post=20634"}],"wp:featuredmedia":[{"embeddable":true,"href":"https:\/\/jeanreusse.ch\/de\/wp-json\/wp\/v2\/media\/15271"}],"wp:attachment":[{"href":"https:\/\/jeanreusse.ch\/de\/wp-json\/wp\/v2\/media?parent=20634"}],"wp:term":[{"taxonomy":"product_brand","embeddable":true,"href":"https:\/\/jeanreusse.ch\/de\/wp-json\/wp\/v2\/product_brand?post=20634"},{"taxonomy":"product_cat","embeddable":true,"href":"https:\/\/jeanreusse.ch\/de\/wp-json\/wp\/v2\/product_cat?post=20634"},{"taxonomy":"product_tag","embeddable":true,"href":"https:\/\/jeanreusse.ch\/de\/wp-json\/wp\/v2\/product_tag?post=20634"}],"curies":[{"name":"wp","href":"https:\/\/api.w.org\/{rel}","templated":true}]}}