{"id":20178,"date":"2025-01-07T16:16:30","date_gmt":"2025-01-07T16:16:30","guid":{"rendered":"https:\/\/jeanreusse.ch\/product\/serie-dmo-ohne-schlauch-stahl\/"},"modified":"2025-01-29T14:30:49","modified_gmt":"2025-01-29T14:30:49","slug":"serie-dmo-ohne-schlauch-stahl","status":"publish","type":"product","link":"https:\/\/jeanreusse.ch\/de\/produkt\/serie-dmo-ohne-schlauch-stahl\/","title":{"rendered":"Serie DMO &#8211; Ohne Schlauch &#8211; Stahl"},"content":{"rendered":"<p>Drehbarer Eingang mit IG BSPP<br \/>\n                : G 3\/8<\/p>\n<p>                    Ausgang mit AG BSPP<br \/>\n                : G 3\/8<\/p>\n<p>                    Fassungsverm\u00f6gen (f\u00fcr Schlauchl\u00e4nge (m))<br \/>\n                : 15<\/p>\n<p>                    Fassungsverm\u00f6gen (Au\u00dfen-\u00d8 des Schlauch (mm))<br \/>\n                : 20<br \/>\nTechnologie: Schlaucheinrastung mit Sperrraste<br \/>\nWerkstoff: Stahlgeh\u00e4use pulverbeschichtet<br \/>\nAusgestattet mit: Fester Halterung<\/p>\n","protected":false},"excerpt":{"rendered":"<p>Drehbarer Eingang mit IG BSPP : G 3\/8 Ausgang mit AG BSPP : G 3\/8 Fassungsverm\u00f6gen (f\u00fcr Schlauchl\u00e4nge (m)) : 15 Fassungsverm\u00f6gen (Au\u00dfen-\u00d8 des Schlauch (mm)) : 20 Technologie: Schlaucheinrastung mit Sperrraste Werkstoff: Stahlgeh\u00e4use pulverbeschichtet Ausgestattet mit: Fester Halterung<\/p>\n","protected":false},"featured_media":14595,"comment_status":"closed","ping_status":"open","template":"","meta":{"_acf_changed":false},"product_brand":[],"product_cat":[1139,1324,1088],"product_tag":[],"class_list":{"0":"post-20178","1":"product","2":"type-product","3":"status-publish","4":"has-post-thumbnail","6":"product_cat-druckluftschlauchaufroller","7":"product_cat-offen-ohne-rohre","8":"product_cat-vertrieb","11":"instock","12":"purchasable","13":"product-type-simple"},"acf":[],"_links":{"self":[{"href":"https:\/\/jeanreusse.ch\/de\/wp-json\/wp\/v2\/product\/20178","targetHints":{"allow":["GET"]}}],"collection":[{"href":"https:\/\/jeanreusse.ch\/de\/wp-json\/wp\/v2\/product"}],"about":[{"href":"https:\/\/jeanreusse.ch\/de\/wp-json\/wp\/v2\/types\/product"}],"replies":[{"embeddable":true,"href":"https:\/\/jeanreusse.ch\/de\/wp-json\/wp\/v2\/comments?post=20178"}],"wp:featuredmedia":[{"embeddable":true,"href":"https:\/\/jeanreusse.ch\/de\/wp-json\/wp\/v2\/media\/14595"}],"wp:attachment":[{"href":"https:\/\/jeanreusse.ch\/de\/wp-json\/wp\/v2\/media?parent=20178"}],"wp:term":[{"taxonomy":"product_brand","embeddable":true,"href":"https:\/\/jeanreusse.ch\/de\/wp-json\/wp\/v2\/product_brand?post=20178"},{"taxonomy":"product_cat","embeddable":true,"href":"https:\/\/jeanreusse.ch\/de\/wp-json\/wp\/v2\/product_cat?post=20178"},{"taxonomy":"product_tag","embeddable":true,"href":"https:\/\/jeanreusse.ch\/de\/wp-json\/wp\/v2\/product_tag?post=20178"}],"curies":[{"name":"wp","href":"https:\/\/api.w.org\/{rel}","templated":true}]}}