{"id":20124,"date":"2025-01-07T16:15:54","date_gmt":"2025-01-07T16:15:54","guid":{"rendered":"https:\/\/jeanreusse.ch\/product\/serie-drfi-edelstahl-304-polyurethanschlauch-ether\/"},"modified":"2025-01-29T14:30:49","modified_gmt":"2025-01-29T14:30:49","slug":"serie-drfi-edelstahl-304-polyurethanschlauch-ether","status":"publish","type":"product","link":"https:\/\/jeanreusse.ch\/de\/produkt\/serie-drfi-edelstahl-304-polyurethanschlauch-ether\/","title":{"rendered":"Serie DRFI &#8211; Edelstahl 304 &#8211; Polyurethanschlauch Ether"},"content":{"rendered":"<p>\u00d8 Innen.\/Au\u00dfen. (mm)<br \/>\n                : 10 x 14<\/p>\n<p>                    L\u00e4nge (m)<br \/>\n                : 12<\/p>\n<p>                    Kupplung<br \/>\n                : ESI 07HE<\/p>\n<p>                    Durchflu\u00df (l\/min)<br \/>\n                : 800<\/p>\n<p>                    Fest Eingang (mm)<br \/>\n                : 10 x 14<\/p>\n<p>                    Gewicht (kg)<br \/>\n                : 6,8<br \/>\nTechnologie: Schlaucheinrastung mit Sperrraste<br \/>\nMax. Betriebsdruck: 12 bar<br \/>\nWerkstoff: Geh\u00e4use Edelstahl AISI 304<br \/>\nAnschluss: Zufuhrschlauch: 1 m<br \/>\nAusgestattet mit: Drehbarer Halterung<\/p>\n","protected":false},"excerpt":{"rendered":"<p>\u00d8 Innen.\/Au\u00dfen. (mm) : 10 x 14 L\u00e4nge (m) : 12 Kupplung : ESI 07HE Durchflu\u00df (l\/min) : 800 Fest Eingang (mm) : 10 x 14 Gewicht (kg) : 6,8 Technologie: Schlaucheinrastung mit Sperrraste Max. Betriebsdruck: 12 bar Werkstoff: Geh\u00e4use Edelstahl AISI 304 Anschluss: Zufuhrschlauch: 1 m Ausgestattet mit: Drehbarer Halterung<\/p>\n","protected":false},"featured_media":14523,"comment_status":"closed","ping_status":"open","template":"","meta":{"_acf_changed":false},"product_brand":[],"product_cat":[1139,1318,1088],"product_tag":[],"class_list":{"0":"post-20124","1":"product","2":"type-product","3":"status-publish","4":"has-post-thumbnail","6":"product_cat-druckluftschlauchaufroller","7":"product_cat-geschlossen-edelstahl","8":"product_cat-vertrieb","11":"instock","12":"purchasable","13":"product-type-simple"},"acf":[],"_links":{"self":[{"href":"https:\/\/jeanreusse.ch\/de\/wp-json\/wp\/v2\/product\/20124","targetHints":{"allow":["GET"]}}],"collection":[{"href":"https:\/\/jeanreusse.ch\/de\/wp-json\/wp\/v2\/product"}],"about":[{"href":"https:\/\/jeanreusse.ch\/de\/wp-json\/wp\/v2\/types\/product"}],"replies":[{"embeddable":true,"href":"https:\/\/jeanreusse.ch\/de\/wp-json\/wp\/v2\/comments?post=20124"}],"wp:featuredmedia":[{"embeddable":true,"href":"https:\/\/jeanreusse.ch\/de\/wp-json\/wp\/v2\/media\/14523"}],"wp:attachment":[{"href":"https:\/\/jeanreusse.ch\/de\/wp-json\/wp\/v2\/media?parent=20124"}],"wp:term":[{"taxonomy":"product_brand","embeddable":true,"href":"https:\/\/jeanreusse.ch\/de\/wp-json\/wp\/v2\/product_brand?post=20124"},{"taxonomy":"product_cat","embeddable":true,"href":"https:\/\/jeanreusse.ch\/de\/wp-json\/wp\/v2\/product_cat?post=20124"},{"taxonomy":"product_tag","embeddable":true,"href":"https:\/\/jeanreusse.ch\/de\/wp-json\/wp\/v2\/product_tag?post=20124"}],"curies":[{"name":"wp","href":"https:\/\/api.w.org\/{rel}","templated":true}]}}