{"id":19978,"date":"2025-01-07T16:13:36","date_gmt":"2025-01-07T16:13:36","guid":{"rendered":"https:\/\/jeanreusse.ch\/product\/prevos1-blaspistole-mit-gerauscharmer-duse-4\/"},"modified":"2025-01-29T14:30:38","modified_gmt":"2025-01-29T14:30:38","slug":"prevos1-blaspistole-mit-gerauscharmer-duse-4","status":"publish","type":"product","link":"https:\/\/jeanreusse.ch\/de\/produkt\/prevos1-blaspistole-mit-gerauscharmer-duse-4\/","title":{"rendered":"prevoS1 Blaspistole mit ger\u00e4uscharmer D\u00fcse"},"content":{"rendered":"<p>Luftstrahlst\u00e4rke (bei 6 bar (g))<br \/>\n                : 165<\/p>\n<p>                    Dynamischer Druck (f\u00fcr 10 mm bei 6 bar)<br \/>\n                : 0,2<\/p>\n<p>                    Luftverbrauch (bei 6 bar (Nm3\/h))<br \/>\n                : 9,4<\/p>\n<p>                    Ger\u00e4uschpegel (bei 6 bar (dbA))<br \/>\n                : 74<br \/>\nMax. Betriebsdruck: 12 bar<br \/>\nTemperatur: -15\u00b0C bis +70\u00b0C<br \/>\nWerkstoff: K\u00f6rper Verbundwerkstoff<br \/>\nVorteile: Kompakt<br \/>\nAnschluss: Integrierter Nippel<\/p>\n","protected":false},"excerpt":{"rendered":"<p>Luftstrahlst\u00e4rke (bei 6 bar (g)) : 165 Dynamischer Druck (f\u00fcr 10 mm bei 6 bar) : 0,2 Luftverbrauch (bei 6 bar (Nm3\/h)) : 9,4 Ger\u00e4uschpegel (bei 6 bar (dbA)) : 74 Max. Betriebsdruck: 12 bar Temperatur: -15\u00b0C bis +70\u00b0C Werkstoff: K\u00f6rper Verbundwerkstoff Vorteile: Kompakt Anschluss: Integrierter Nippel<\/p>\n","protected":false},"featured_media":14277,"comment_status":"closed","ping_status":"open","template":"","meta":{"_acf_changed":false},"product_brand":[],"product_cat":[1302,1096,1088],"product_tag":[],"class_list":{"0":"post-19978","1":"product","2":"type-product","3":"status-publish","4":"has-post-thumbnail","6":"product_cat-aro-210-luftpolster","7":"product_cat-luftpolster","8":"product_cat-vertrieb","11":"instock","12":"purchasable","13":"product-type-simple"},"acf":[],"_links":{"self":[{"href":"https:\/\/jeanreusse.ch\/de\/wp-json\/wp\/v2\/product\/19978","targetHints":{"allow":["GET"]}}],"collection":[{"href":"https:\/\/jeanreusse.ch\/de\/wp-json\/wp\/v2\/product"}],"about":[{"href":"https:\/\/jeanreusse.ch\/de\/wp-json\/wp\/v2\/types\/product"}],"replies":[{"embeddable":true,"href":"https:\/\/jeanreusse.ch\/de\/wp-json\/wp\/v2\/comments?post=19978"}],"wp:featuredmedia":[{"embeddable":true,"href":"https:\/\/jeanreusse.ch\/de\/wp-json\/wp\/v2\/media\/14277"}],"wp:attachment":[{"href":"https:\/\/jeanreusse.ch\/de\/wp-json\/wp\/v2\/media?parent=19978"}],"wp:term":[{"taxonomy":"product_brand","embeddable":true,"href":"https:\/\/jeanreusse.ch\/de\/wp-json\/wp\/v2\/product_brand?post=19978"},{"taxonomy":"product_cat","embeddable":true,"href":"https:\/\/jeanreusse.ch\/de\/wp-json\/wp\/v2\/product_cat?post=19978"},{"taxonomy":"product_tag","embeddable":true,"href":"https:\/\/jeanreusse.ch\/de\/wp-json\/wp\/v2\/product_tag?post=19978"}],"curies":[{"name":"wp","href":"https:\/\/api.w.org\/{rel}","templated":true}]}}