{"id":19621,"date":"2025-01-07T16:09:49","date_gmt":"2025-01-07T16:09:49","guid":{"rendered":"https:\/\/jeanreusse.ch\/product\/polyamid-spiralschlauch-mit-begradigten-enden-festen-verschraubungen-und-ag\/"},"modified":"2025-01-29T14:30:10","modified_gmt":"2025-01-29T14:30:10","slug":"polyamid-spiralschlauch-mit-begradigten-enden-festen-verschraubungen-und-ag","status":"publish","type":"product","link":"https:\/\/jeanreusse.ch\/de\/produkt\/polyamid-spiralschlauch-mit-begradigten-enden-festen-verschraubungen-und-ag\/","title":{"rendered":"Polyamid-Spiralschlauch mit begradigten Enden, festen Verschraubungen und AG"},"content":{"rendered":"<p>AG BSPP<br \/>\n                : G 1\/4<\/p>\n<p>                    \u00d8 Innen.\/Au\u00dfen. (mm)<br \/>\n                : 6,5 x 8<\/p>\n<p>                    Durchmesser Spirale (mm)<br \/>\n                : 78<\/p>\n<p>                    Max. L\u00e4nge (m)<br \/>\n                : 5<\/p>\n<p>                    Min. L\u00e4nge (m)<br \/>\n                : 0,6<br \/>\nMax. Betriebsdruck: 10 bar<br \/>\nTemperatur: -20\u00b0C bis +90\u00b0C<br \/>\nWerkstoff: Polyamid PA 12<br \/>\nVorteile: Hohe Best\u00e4ndigkeit gegen Chemikalien<\/p>\n","protected":false},"excerpt":{"rendered":"<p>AG BSPP : G 1\/4 \u00d8 Innen.\/Au\u00dfen. (mm) : 6,5 x 8 Durchmesser Spirale (mm) : 78 Max. L\u00e4nge (m) : 5 Min. L\u00e4nge (m) : 0,6 Max. Betriebsdruck: 10 bar Temperatur: -20\u00b0C bis +90\u00b0C Werkstoff: Polyamid PA 12 Vorteile: Hohe Best\u00e4ndigkeit gegen Chemikalien<\/p>\n","protected":false},"featured_media":13708,"comment_status":"closed","ping_status":"open","template":"","meta":{"_acf_changed":false},"product_brand":[],"product_cat":[1137,1088],"product_tag":[],"class_list":{"0":"post-19621","1":"product","2":"type-product","3":"status-publish","4":"has-post-thumbnail","6":"product_cat-spiralschlauch-aus-polyamid","7":"product_cat-vertrieb","10":"instock","11":"purchasable","12":"product-type-simple"},"acf":[],"_links":{"self":[{"href":"https:\/\/jeanreusse.ch\/de\/wp-json\/wp\/v2\/product\/19621","targetHints":{"allow":["GET"]}}],"collection":[{"href":"https:\/\/jeanreusse.ch\/de\/wp-json\/wp\/v2\/product"}],"about":[{"href":"https:\/\/jeanreusse.ch\/de\/wp-json\/wp\/v2\/types\/product"}],"replies":[{"embeddable":true,"href":"https:\/\/jeanreusse.ch\/de\/wp-json\/wp\/v2\/comments?post=19621"}],"wp:featuredmedia":[{"embeddable":true,"href":"https:\/\/jeanreusse.ch\/de\/wp-json\/wp\/v2\/media\/13708"}],"wp:attachment":[{"href":"https:\/\/jeanreusse.ch\/de\/wp-json\/wp\/v2\/media?parent=19621"}],"wp:term":[{"taxonomy":"product_brand","embeddable":true,"href":"https:\/\/jeanreusse.ch\/de\/wp-json\/wp\/v2\/product_brand?post=19621"},{"taxonomy":"product_cat","embeddable":true,"href":"https:\/\/jeanreusse.ch\/de\/wp-json\/wp\/v2\/product_cat?post=19621"},{"taxonomy":"product_tag","embeddable":true,"href":"https:\/\/jeanreusse.ch\/de\/wp-json\/wp\/v2\/product_tag?post=19621"}],"curies":[{"name":"wp","href":"https:\/\/api.w.org\/{rel}","templated":true}]}}