{"id":19544,"date":"2025-01-07T16:08:50","date_gmt":"2025-01-07T16:08:50","guid":{"rendered":"https:\/\/jeanreusse.ch\/product\/stecknippel-fur-schlauchanschluss-edelstahl-2\/"},"modified":"2025-01-29T14:30:05","modified_gmt":"2025-01-29T14:30:05","slug":"stecknippel-fur-schlauchanschluss-edelstahl-2","status":"publish","type":"product","link":"https:\/\/jeanreusse.ch\/de\/produkt\/stecknippel-fur-schlauchanschluss-edelstahl-2\/","title":{"rendered":"Stecknippel f\u00fcr Schlauchanschluss &#8211; Edelstahl"},"content":{"rendered":"<p>F\u00fcr Schlauch mit Innen-\u00d8 (mm)<br \/>\n                : 6<br \/>\nTechnologie: Einknopfbedienung<br \/>\nBetriebsdruck: 0 bis 12 bar<br \/>\nDurchsatz bei 6 Bar: 800 l\/min (\u0394P = 0,6 bar)<br \/>\nDurchgang: 6 mm<br \/>\nTemperatur: -15\u00b0C bis +70\u00b0C<br \/>\nWerkstoff: K\u00f6rper : Verbundwerkstoff<br \/>\nVentil: Edelstahl<br \/>\nAnwendungen: Korrosive Umgebung<br \/>\nVorteile: Kratzschutz<\/p>\n","protected":false},"excerpt":{"rendered":"<p>F\u00fcr Schlauch mit Innen-\u00d8 (mm) : 6 Technologie: Einknopfbedienung Betriebsdruck: 0 bis 12 bar Durchsatz bei 6 Bar: 800 l\/min (\u0394P = 0,6 bar) Durchgang: 6 mm Temperatur: -15\u00b0C bis +70\u00b0C Werkstoff: K\u00f6rper : Verbundwerkstoff Ventil: Edelstahl Anwendungen: Korrosive Umgebung Vorteile: Kratzschutz<\/p>\n","protected":false},"featured_media":13579,"comment_status":"closed","ping_status":"open","template":"","meta":{"_acf_changed":false},"product_brand":[],"product_cat":[1266,1135,1086],"product_tag":[],"class_list":{"0":"post-19544","1":"product","2":"type-product","3":"status-publish","4":"has-post-thumbnail","6":"product_cat-prolac-inox-iso-6150-b","7":"product_cat-schnellanschlusse-und-dusen","8":"product_cat-verbindung","11":"instock","12":"purchasable","13":"product-type-variable"},"acf":[],"_links":{"self":[{"href":"https:\/\/jeanreusse.ch\/de\/wp-json\/wp\/v2\/product\/19544","targetHints":{"allow":["GET"]}}],"collection":[{"href":"https:\/\/jeanreusse.ch\/de\/wp-json\/wp\/v2\/product"}],"about":[{"href":"https:\/\/jeanreusse.ch\/de\/wp-json\/wp\/v2\/types\/product"}],"replies":[{"embeddable":true,"href":"https:\/\/jeanreusse.ch\/de\/wp-json\/wp\/v2\/comments?post=19544"}],"wp:featuredmedia":[{"embeddable":true,"href":"https:\/\/jeanreusse.ch\/de\/wp-json\/wp\/v2\/media\/13579"}],"wp:attachment":[{"href":"https:\/\/jeanreusse.ch\/de\/wp-json\/wp\/v2\/media?parent=19544"}],"wp:term":[{"taxonomy":"product_brand","embeddable":true,"href":"https:\/\/jeanreusse.ch\/de\/wp-json\/wp\/v2\/product_brand?post=19544"},{"taxonomy":"product_cat","embeddable":true,"href":"https:\/\/jeanreusse.ch\/de\/wp-json\/wp\/v2\/product_cat?post=19544"},{"taxonomy":"product_tag","embeddable":true,"href":"https:\/\/jeanreusse.ch\/de\/wp-json\/wp\/v2\/product_tag?post=19544"}],"curies":[{"name":"wp","href":"https:\/\/api.w.org\/{rel}","templated":true}]}}