{"id":19467,"date":"2025-01-07T16:07:37","date_gmt":"2025-01-07T16:07:37","guid":{"rendered":"https:\/\/jeanreusse.ch\/product\/kupplung-fur-schlauchanschluss-12\/"},"modified":"2025-01-29T14:29:53","modified_gmt":"2025-01-29T14:29:53","slug":"kupplung-fur-schlauchanschluss-12","status":"publish","type":"product","link":"https:\/\/jeanreusse.ch\/de\/produkt\/kupplung-fur-schlauchanschluss-12\/","title":{"rendered":"Kupplung f\u00fcr Schlauchanschluss"},"content":{"rendered":"<p>F\u00fcr Schlauch mit Innen-\u00d8 (mm)<br \/>\n                : 10<br \/>\nTechnologie: Sicherheit (Schutz vor Peitschenhieb)<br \/>\nBetriebsdruck: 2 bis 16 bar<br \/>\nDurchsatz bei 6 Bar: 4120 l\/min (\u0394P = 0,6 bar)<br \/>\nDurchgang: 11 mm<br \/>\nTemperatur: -15\u00b0C bis +70\u00b0C<br \/>\nWerkstoff: K\u00f6rper : Edelstahl<br \/>\nVorteile: Antistatisch<\/p>\n","protected":false},"excerpt":{"rendered":"<p>F\u00fcr Schlauch mit Innen-\u00d8 (mm) : 10 Technologie: Sicherheit (Schutz vor Peitschenhieb) Betriebsdruck: 2 bis 16 bar Durchsatz bei 6 Bar: 4120 l\/min (\u0394P = 0,6 bar) Durchgang: 11 mm Temperatur: -15\u00b0C bis +70\u00b0C Werkstoff: K\u00f6rper : Edelstahl Vorteile: Antistatisch<\/p>\n","protected":false},"featured_media":13401,"comment_status":"closed","ping_status":"open","template":"","meta":{"_acf_changed":false},"product_brand":[],"product_cat":[1260,1090,1086],"product_tag":[],"class_list":{"0":"post-19467","1":"product","2":"type-product","3":"status-publish","4":"has-post-thumbnail","6":"product_cat-metallische-iso-6150-c","7":"product_cat-sicherheits-schnellanschlusse-und-dusen","8":"product_cat-verbindung","11":"instock","12":"purchasable","13":"product-type-variable"},"acf":[],"_links":{"self":[{"href":"https:\/\/jeanreusse.ch\/de\/wp-json\/wp\/v2\/product\/19467","targetHints":{"allow":["GET"]}}],"collection":[{"href":"https:\/\/jeanreusse.ch\/de\/wp-json\/wp\/v2\/product"}],"about":[{"href":"https:\/\/jeanreusse.ch\/de\/wp-json\/wp\/v2\/types\/product"}],"replies":[{"embeddable":true,"href":"https:\/\/jeanreusse.ch\/de\/wp-json\/wp\/v2\/comments?post=19467"}],"wp:featuredmedia":[{"embeddable":true,"href":"https:\/\/jeanreusse.ch\/de\/wp-json\/wp\/v2\/media\/13401"}],"wp:attachment":[{"href":"https:\/\/jeanreusse.ch\/de\/wp-json\/wp\/v2\/media?parent=19467"}],"wp:term":[{"taxonomy":"product_brand","embeddable":true,"href":"https:\/\/jeanreusse.ch\/de\/wp-json\/wp\/v2\/product_brand?post=19467"},{"taxonomy":"product_cat","embeddable":true,"href":"https:\/\/jeanreusse.ch\/de\/wp-json\/wp\/v2\/product_cat?post=19467"},{"taxonomy":"product_tag","embeddable":true,"href":"https:\/\/jeanreusse.ch\/de\/wp-json\/wp\/v2\/product_tag?post=19467"}],"curies":[{"name":"wp","href":"https:\/\/api.w.org\/{rel}","templated":true}]}}