{"id":19254,"date":"2025-01-07T16:04:40","date_gmt":"2025-01-07T16:04:40","guid":{"rendered":"https:\/\/jeanreusse.ch\/product\/stecknippel-mit-volldurchgang-und-ausengewinde\/"},"modified":"2025-01-29T14:29:29","modified_gmt":"2025-01-29T14:29:29","slug":"stecknippel-mit-volldurchgang-und-ausengewinde","status":"publish","type":"product","link":"https:\/\/jeanreusse.ch\/de\/produkt\/stecknippel-mit-volldurchgang-und-ausengewinde\/","title":{"rendered":"Stecknippel mit Volldurchgang und Au\u00dfengewinde"},"content":{"rendered":"<p>Durchmesser (mm)<br \/>\n                : 6<\/p>\n<p>                    AG<br \/>\n                : R 1\/8<br \/>\nMax. Betriebsdruck: 16 bar<br \/>\nTemperatur: +15\u00b0C bis +200\u00b0C<br \/>\nWerkstoff: \u00d8 6 &#8211; 9 &#8211; 12 mm : Messing<br \/>\n\u00d8 16 mm : Edelstahl und Chrom<br \/>\nAnwendungen: K\u00fchlkreise, Reinigung, Sp\u00fclung, Lebensmittelindustrie<\/p>\n","protected":false},"excerpt":{"rendered":"<p>Durchmesser (mm) : 6 AG : R 1\/8 Max. Betriebsdruck: 16 bar Temperatur: +15\u00b0C bis +200\u00b0C Werkstoff: \u00d8 6 &#8211; 9 &#8211; 12 mm : Messing \u00d8 16 mm : Edelstahl und Chrom Anwendungen: K\u00fchlkreise, Reinigung, Sp\u00fclung, Lebensmittelindustrie<\/p>\n","protected":false},"featured_media":12916,"comment_status":"closed","ping_status":"open","template":"","meta":{"_acf_changed":false},"product_brand":[],"product_cat":[1254,1114,1086],"product_tag":[],"class_list":{"0":"post-19254","1":"product","2":"type-product","3":"status-publish","4":"has-post-thumbnail","6":"product_cat-preol-flussigkeiten","7":"product_cat-schnellanschlusse","8":"product_cat-verbindung","11":"instock","12":"product-type-variable"},"acf":[],"_links":{"self":[{"href":"https:\/\/jeanreusse.ch\/de\/wp-json\/wp\/v2\/product\/19254","targetHints":{"allow":["GET"]}}],"collection":[{"href":"https:\/\/jeanreusse.ch\/de\/wp-json\/wp\/v2\/product"}],"about":[{"href":"https:\/\/jeanreusse.ch\/de\/wp-json\/wp\/v2\/types\/product"}],"replies":[{"embeddable":true,"href":"https:\/\/jeanreusse.ch\/de\/wp-json\/wp\/v2\/comments?post=19254"}],"wp:featuredmedia":[{"embeddable":true,"href":"https:\/\/jeanreusse.ch\/de\/wp-json\/wp\/v2\/media\/12916"}],"wp:attachment":[{"href":"https:\/\/jeanreusse.ch\/de\/wp-json\/wp\/v2\/media?parent=19254"}],"wp:term":[{"taxonomy":"product_brand","embeddable":true,"href":"https:\/\/jeanreusse.ch\/de\/wp-json\/wp\/v2\/product_brand?post=19254"},{"taxonomy":"product_cat","embeddable":true,"href":"https:\/\/jeanreusse.ch\/de\/wp-json\/wp\/v2\/product_cat?post=19254"},{"taxonomy":"product_tag","embeddable":true,"href":"https:\/\/jeanreusse.ch\/de\/wp-json\/wp\/v2\/product_tag?post=19254"}],"curies":[{"name":"wp","href":"https:\/\/api.w.org\/{rel}","templated":true}]}}