{"id":19236,"date":"2025-01-07T16:04:22","date_gmt":"2025-01-07T16:04:22","guid":{"rendered":"https:\/\/jeanreusse.ch\/product\/kupplung-mit-zylindrischem-innengewinde-135\/"},"modified":"2025-01-29T14:29:26","modified_gmt":"2025-01-29T14:29:26","slug":"kupplung-mit-zylindrischem-innengewinde-135","status":"publish","type":"product","link":"https:\/\/jeanreusse.ch\/de\/produkt\/kupplung-mit-zylindrischem-innengewinde-135\/","title":{"rendered":"Kupplung mit zylindrischem Innengewinde 135\u00b0"},"content":{"rendered":"<p>Durchmesser (mm)<br \/>\n                : 6<\/p>\n<p>                    IG BSPP<br \/>\n                : G 1\/4<br \/>\nMax. Betriebsdruck: 16 bar<br \/>\nTemperatur: +15\u00b0C bis +200\u00b0C<br \/>\nWerkstoff: K\u00f6rper: Messing<br \/>\nAnwendungen: K\u00fchlkreise, Reinigung, Sp\u00fclung, Lebensmittelindustrie<\/p>\n","protected":false},"excerpt":{"rendered":"<p>Durchmesser (mm) : 6 IG BSPP : G 1\/4 Max. Betriebsdruck: 16 bar Temperatur: +15\u00b0C bis +200\u00b0C Werkstoff: K\u00f6rper: Messing Anwendungen: K\u00fchlkreise, Reinigung, Sp\u00fclung, Lebensmittelindustrie<\/p>\n","protected":false},"featured_media":12882,"comment_status":"closed","ping_status":"open","template":"","meta":{"_acf_changed":false},"product_brand":[],"product_cat":[1254,1114,1086],"product_tag":[],"class_list":{"0":"post-19236","1":"product","2":"type-product","3":"status-publish","4":"has-post-thumbnail","6":"product_cat-preol-flussigkeiten","7":"product_cat-schnellanschlusse","8":"product_cat-verbindung","11":"instock","12":"purchasable","13":"product-type-simple"},"acf":[],"_links":{"self":[{"href":"https:\/\/jeanreusse.ch\/de\/wp-json\/wp\/v2\/product\/19236","targetHints":{"allow":["GET"]}}],"collection":[{"href":"https:\/\/jeanreusse.ch\/de\/wp-json\/wp\/v2\/product"}],"about":[{"href":"https:\/\/jeanreusse.ch\/de\/wp-json\/wp\/v2\/types\/product"}],"replies":[{"embeddable":true,"href":"https:\/\/jeanreusse.ch\/de\/wp-json\/wp\/v2\/comments?post=19236"}],"wp:featuredmedia":[{"embeddable":true,"href":"https:\/\/jeanreusse.ch\/de\/wp-json\/wp\/v2\/media\/12882"}],"wp:attachment":[{"href":"https:\/\/jeanreusse.ch\/de\/wp-json\/wp\/v2\/media?parent=19236"}],"wp:term":[{"taxonomy":"product_brand","embeddable":true,"href":"https:\/\/jeanreusse.ch\/de\/wp-json\/wp\/v2\/product_brand?post=19236"},{"taxonomy":"product_cat","embeddable":true,"href":"https:\/\/jeanreusse.ch\/de\/wp-json\/wp\/v2\/product_cat?post=19236"},{"taxonomy":"product_tag","embeddable":true,"href":"https:\/\/jeanreusse.ch\/de\/wp-json\/wp\/v2\/product_tag?post=19236"}],"curies":[{"name":"wp","href":"https:\/\/api.w.org\/{rel}","templated":true}]}}