{"id":19153,"date":"2025-01-07T16:03:03","date_gmt":"2025-01-07T16:03:03","guid":{"rendered":"https:\/\/jeanreusse.ch\/product\/stecker-135-mit-schlauchtulle\/"},"modified":"2025-01-29T14:29:16","modified_gmt":"2025-01-29T14:29:16","slug":"stecker-135-mit-schlauchtulle","status":"publish","type":"product","link":"https:\/\/jeanreusse.ch\/de\/produkt\/stecker-135-mit-schlauchtulle\/","title":{"rendered":"Stecker 135\u00b0 mit Schlaucht\u00fclle"},"content":{"rendered":"<p>F\u00fcr Schlauch mit Innen-\u00d8 (mm)<br \/>\n                : 8<br \/>\nMax. Betriebsdruck: 10 bar<br \/>\nDurchflu\u00df: 30 l\/min (\u0394P = 0,5bar)<br \/>\nDurchgang: 8 mm<br \/>\nTemperatur: -15\u00b0C bis +90\u00b0C<br \/>\nWerkstoff: K\u00f6rper: Messing vernickelt<\/p>\n","protected":false},"excerpt":{"rendered":"<p>F\u00fcr Schlauch mit Innen-\u00d8 (mm) : 8 Max. Betriebsdruck: 10 bar Durchflu\u00df: 30 l\/min (\u0394P = 0,5bar) Durchgang: 8 mm Temperatur: -15\u00b0C bis +90\u00b0C Werkstoff: K\u00f6rper: Messing vernickelt<\/p>\n","protected":false},"featured_media":12724,"comment_status":"closed","ping_status":"open","template":"","meta":{"_acf_changed":false},"product_brand":[],"product_cat":[1252,1114,1086],"product_tag":[],"class_list":{"0":"post-19153","1":"product","2":"type-product","3":"status-publish","4":"has-post-thumbnail","6":"product_cat-kuhlung-von-flussigkeiten","7":"product_cat-schnellanschlusse","8":"product_cat-verbindung","11":"instock","12":"product-type-variable"},"acf":[],"_links":{"self":[{"href":"https:\/\/jeanreusse.ch\/de\/wp-json\/wp\/v2\/product\/19153","targetHints":{"allow":["GET"]}}],"collection":[{"href":"https:\/\/jeanreusse.ch\/de\/wp-json\/wp\/v2\/product"}],"about":[{"href":"https:\/\/jeanreusse.ch\/de\/wp-json\/wp\/v2\/types\/product"}],"replies":[{"embeddable":true,"href":"https:\/\/jeanreusse.ch\/de\/wp-json\/wp\/v2\/comments?post=19153"}],"wp:featuredmedia":[{"embeddable":true,"href":"https:\/\/jeanreusse.ch\/de\/wp-json\/wp\/v2\/media\/12724"}],"wp:attachment":[{"href":"https:\/\/jeanreusse.ch\/de\/wp-json\/wp\/v2\/media?parent=19153"}],"wp:term":[{"taxonomy":"product_brand","embeddable":true,"href":"https:\/\/jeanreusse.ch\/de\/wp-json\/wp\/v2\/product_brand?post=19153"},{"taxonomy":"product_cat","embeddable":true,"href":"https:\/\/jeanreusse.ch\/de\/wp-json\/wp\/v2\/product_cat?post=19153"},{"taxonomy":"product_tag","embeddable":true,"href":"https:\/\/jeanreusse.ch\/de\/wp-json\/wp\/v2\/product_tag?post=19153"}],"curies":[{"name":"wp","href":"https:\/\/api.w.org\/{rel}","templated":true}]}}