{"id":18711,"date":"2025-01-07T15:58:08","date_gmt":"2025-01-07T15:58:08","guid":{"rendered":"https:\/\/jeanreusse.ch\/product\/schlauchtulle-mit-zylindrischem-ausengewinde-fur-schlauchanschluss-af\/"},"modified":"2025-01-29T14:28:41","modified_gmt":"2025-01-29T14:28:41","slug":"schlauchtulle-mit-zylindrischem-ausengewinde-fur-schlauchanschluss-af","status":"publish","type":"product","link":"https:\/\/jeanreusse.ch\/de\/produkt\/schlauchtulle-mit-zylindrischem-ausengewinde-fur-schlauchanschluss-af\/","title":{"rendered":"Schlaucht\u00fclle mit zylindrischem Au\u00dfengewinde f\u00fcr Schlauchanschluss &#8211; AF"},"content":{"rendered":"<p>AG BSPP<br \/>\n                : G 1\/4<\/p>\n<p>                    F\u00fcr Schlauch mit Innen-\u00d8 (mm)<br \/>\n                : 10<\/p>\n<p>                    Ringfarbe<br \/>\n                : Gelb<br \/>\nTechnologie: Voller Durchgang<br \/>\nBetriebsdruck: 0 bis 15 bar<\/p>\n","protected":false},"excerpt":{"rendered":"<p>AG BSPP : G 1\/4 F\u00fcr Schlauch mit Innen-\u00d8 (mm) : 10 Ringfarbe : Gelb Technologie: Voller Durchgang Betriebsdruck: 0 bis 15 bar<\/p>\n","protected":false},"featured_media":11980,"comment_status":"closed","ping_status":"open","template":"","meta":{"_acf_changed":false},"product_brand":[],"product_cat":[1230,1086,1120],"product_tag":[],"class_list":{"0":"post-18711","1":"product","2":"type-product","3":"status-publish","4":"has-post-thumbnail","6":"product_cat-rohrverbindungen","7":"product_cat-verbindung","8":"product_cat-verbindungsstucke","11":"instock","12":"purchasable","13":"product-type-variable"},"acf":[],"_links":{"self":[{"href":"https:\/\/jeanreusse.ch\/de\/wp-json\/wp\/v2\/product\/18711","targetHints":{"allow":["GET"]}}],"collection":[{"href":"https:\/\/jeanreusse.ch\/de\/wp-json\/wp\/v2\/product"}],"about":[{"href":"https:\/\/jeanreusse.ch\/de\/wp-json\/wp\/v2\/types\/product"}],"replies":[{"embeddable":true,"href":"https:\/\/jeanreusse.ch\/de\/wp-json\/wp\/v2\/comments?post=18711"}],"wp:featuredmedia":[{"embeddable":true,"href":"https:\/\/jeanreusse.ch\/de\/wp-json\/wp\/v2\/media\/11980"}],"wp:attachment":[{"href":"https:\/\/jeanreusse.ch\/de\/wp-json\/wp\/v2\/media?parent=18711"}],"wp:term":[{"taxonomy":"product_brand","embeddable":true,"href":"https:\/\/jeanreusse.ch\/de\/wp-json\/wp\/v2\/product_brand?post=18711"},{"taxonomy":"product_cat","embeddable":true,"href":"https:\/\/jeanreusse.ch\/de\/wp-json\/wp\/v2\/product_cat?post=18711"},{"taxonomy":"product_tag","embeddable":true,"href":"https:\/\/jeanreusse.ch\/de\/wp-json\/wp\/v2\/product_tag?post=18711"}],"curies":[{"name":"wp","href":"https:\/\/api.w.org\/{rel}","templated":true}]}}