{"id":18500,"date":"2025-01-07T15:55:53","date_gmt":"2025-01-07T15:55:53","guid":{"rendered":"https:\/\/jeanreusse.ch\/product\/gleichseitiger-90-winkelverbinder-rmc-et\/"},"modified":"2025-01-29T14:28:28","modified_gmt":"2025-01-29T14:28:28","slug":"gleichseitiger-90-winkelverbinder-rmc-et","status":"publish","type":"product","link":"https:\/\/jeanreusse.ch\/de\/produkt\/gleichseitiger-90-winkelverbinder-rmc-et\/","title":{"rendered":"Gleichseitiger 90\u00b0-Winkelverbinder &#8211; RMC ET"},"content":{"rendered":"<p>F\u00fcr Rohr mit Au\u00dfen-\u00d8 (mm)<br \/>\n                : 4<br \/>\nBetriebsdruck: 0 bis 15 bar<br \/>\nTemperatur: -20\u00b0C bis +80\u00b0C<br \/>\nWerkstoff: Messing vernickelt<\/p>\n","protected":false},"excerpt":{"rendered":"<p>F\u00fcr Rohr mit Au\u00dfen-\u00d8 (mm) : 4 Betriebsdruck: 0 bis 15 bar Temperatur: -20\u00b0C bis +80\u00b0C Werkstoff: Messing vernickelt<\/p>\n","protected":false},"featured_media":11659,"comment_status":"closed","ping_status":"open","template":"","meta":{"_acf_changed":false},"product_brand":[],"product_cat":[1224,1114,1086],"product_tag":[],"class_list":{"0":"post-18500","1":"product","2":"type-product","3":"status-publish","4":"has-post-thumbnail","6":"product_cat-metallisch","7":"product_cat-schnellanschlusse","8":"product_cat-verbindung","11":"instock","12":"purchasable","13":"product-type-variable"},"acf":[],"_links":{"self":[{"href":"https:\/\/jeanreusse.ch\/de\/wp-json\/wp\/v2\/product\/18500","targetHints":{"allow":["GET"]}}],"collection":[{"href":"https:\/\/jeanreusse.ch\/de\/wp-json\/wp\/v2\/product"}],"about":[{"href":"https:\/\/jeanreusse.ch\/de\/wp-json\/wp\/v2\/types\/product"}],"replies":[{"embeddable":true,"href":"https:\/\/jeanreusse.ch\/de\/wp-json\/wp\/v2\/comments?post=18500"}],"wp:featuredmedia":[{"embeddable":true,"href":"https:\/\/jeanreusse.ch\/de\/wp-json\/wp\/v2\/media\/11659"}],"wp:attachment":[{"href":"https:\/\/jeanreusse.ch\/de\/wp-json\/wp\/v2\/media?parent=18500"}],"wp:term":[{"taxonomy":"product_brand","embeddable":true,"href":"https:\/\/jeanreusse.ch\/de\/wp-json\/wp\/v2\/product_brand?post=18500"},{"taxonomy":"product_cat","embeddable":true,"href":"https:\/\/jeanreusse.ch\/de\/wp-json\/wp\/v2\/product_cat?post=18500"},{"taxonomy":"product_tag","embeddable":true,"href":"https:\/\/jeanreusse.ch\/de\/wp-json\/wp\/v2\/product_tag?post=18500"}],"curies":[{"name":"wp","href":"https:\/\/api.w.org\/{rel}","templated":true}]}}