{"id":18402,"date":"2025-01-07T15:54:44","date_gmt":"2025-01-07T15:54:44","guid":{"rendered":"https:\/\/jeanreusse.ch\/product\/gerade-einschraubverbindung-mit-zylindrischem-innengewinde-rmd-fg\/"},"modified":"2025-01-29T14:28:23","modified_gmt":"2025-01-29T14:28:23","slug":"gerade-einschraubverbindung-mit-zylindrischem-innengewinde-rmd-fg","status":"publish","type":"product","link":"https:\/\/jeanreusse.ch\/de\/produkt\/gerade-einschraubverbindung-mit-zylindrischem-innengewinde-rmd-fg\/","title":{"rendered":"Gerade Einschraubverbindung mit zylindrischem Innengewinde &#8211; RMD FG"},"content":{"rendered":"<p>IG BSPP<br \/>\n                : G 1\/8<\/p>\n<p>                    F\u00fcr Rohr mit Au\u00dfen-\u00d8 (mm)<br \/>\n                : 4<br \/>\nBetriebsdruck: 0 bis 15 bar<br \/>\nTemperatur: -20\u00b0C bis +80\u00b0C<br \/>\nWerkstoff: Messing vernickelt<\/p>\n","protected":false},"excerpt":{"rendered":"<p>IG BSPP : G 1\/8 F\u00fcr Rohr mit Au\u00dfen-\u00d8 (mm) : 4 Betriebsdruck: 0 bis 15 bar Temperatur: -20\u00b0C bis +80\u00b0C Werkstoff: Messing vernickelt<\/p>\n","protected":false},"featured_media":11521,"comment_status":"closed","ping_status":"open","template":"","meta":{"_acf_changed":false},"product_brand":[],"product_cat":[1224,1114,1086],"product_tag":[],"class_list":{"0":"post-18402","1":"product","2":"type-product","3":"status-publish","4":"has-post-thumbnail","6":"product_cat-metallisch","7":"product_cat-schnellanschlusse","8":"product_cat-verbindung","11":"instock","12":"purchasable","13":"product-type-variable"},"acf":[],"_links":{"self":[{"href":"https:\/\/jeanreusse.ch\/de\/wp-json\/wp\/v2\/product\/18402","targetHints":{"allow":["GET"]}}],"collection":[{"href":"https:\/\/jeanreusse.ch\/de\/wp-json\/wp\/v2\/product"}],"about":[{"href":"https:\/\/jeanreusse.ch\/de\/wp-json\/wp\/v2\/types\/product"}],"replies":[{"embeddable":true,"href":"https:\/\/jeanreusse.ch\/de\/wp-json\/wp\/v2\/comments?post=18402"}],"wp:featuredmedia":[{"embeddable":true,"href":"https:\/\/jeanreusse.ch\/de\/wp-json\/wp\/v2\/media\/11521"}],"wp:attachment":[{"href":"https:\/\/jeanreusse.ch\/de\/wp-json\/wp\/v2\/media?parent=18402"}],"wp:term":[{"taxonomy":"product_brand","embeddable":true,"href":"https:\/\/jeanreusse.ch\/de\/wp-json\/wp\/v2\/product_brand?post=18402"},{"taxonomy":"product_cat","embeddable":true,"href":"https:\/\/jeanreusse.ch\/de\/wp-json\/wp\/v2\/product_cat?post=18402"},{"taxonomy":"product_tag","embeddable":true,"href":"https:\/\/jeanreusse.ch\/de\/wp-json\/wp\/v2\/product_tag?post=18402"}],"curies":[{"name":"wp","href":"https:\/\/api.w.org\/{rel}","templated":true}]}}