{"id":17950,"date":"2025-01-07T15:50:07","date_gmt":"2025-01-07T15:50:07","guid":{"rendered":"https:\/\/jeanreusse.ch\/product\/gleichseitiges-y-stuck-rpy-et\/"},"modified":"2025-01-29T14:28:01","modified_gmt":"2025-01-29T14:28:01","slug":"gleichseitiges-y-stuck-rpy-et","status":"publish","type":"product","link":"https:\/\/jeanreusse.ch\/de\/produkt\/gleichseitiges-y-stuck-rpy-et\/","title":{"rendered":"Gleichseitiges Y-St\u00fcck &#8211; RPY ET"},"content":{"rendered":"<p>F\u00fcr Rohr mit Au\u00dfen-\u00d8 (mm)<br \/>\n                : 4<br \/>\nBetriebsdruck: 0 bis 10 bar<br \/>\nTemperatur: 0\u00b0C bis + 60\u00b0C<br \/>\nWerkstoff: Polymer und Messing vernickelt<\/p>\n","protected":false},"excerpt":{"rendered":"<p>F\u00fcr Rohr mit Au\u00dfen-\u00d8 (mm) : 4 Betriebsdruck: 0 bis 10 bar Temperatur: 0\u00b0C bis + 60\u00b0C Werkstoff: Polymer und Messing vernickelt<\/p>\n","protected":false},"featured_media":10888,"comment_status":"closed","ping_status":"open","template":"","meta":{"_acf_changed":false},"product_brand":[],"product_cat":[1222,1114,1086],"product_tag":[],"class_list":{"0":"post-17950","1":"product","2":"type-product","3":"status-publish","4":"has-post-thumbnail","6":"product_cat-polymer","7":"product_cat-schnellanschlusse","8":"product_cat-verbindung","11":"instock","12":"purchasable","13":"product-type-variable"},"acf":[],"_links":{"self":[{"href":"https:\/\/jeanreusse.ch\/de\/wp-json\/wp\/v2\/product\/17950","targetHints":{"allow":["GET"]}}],"collection":[{"href":"https:\/\/jeanreusse.ch\/de\/wp-json\/wp\/v2\/product"}],"about":[{"href":"https:\/\/jeanreusse.ch\/de\/wp-json\/wp\/v2\/types\/product"}],"replies":[{"embeddable":true,"href":"https:\/\/jeanreusse.ch\/de\/wp-json\/wp\/v2\/comments?post=17950"}],"wp:featuredmedia":[{"embeddable":true,"href":"https:\/\/jeanreusse.ch\/de\/wp-json\/wp\/v2\/media\/10888"}],"wp:attachment":[{"href":"https:\/\/jeanreusse.ch\/de\/wp-json\/wp\/v2\/media?parent=17950"}],"wp:term":[{"taxonomy":"product_brand","embeddable":true,"href":"https:\/\/jeanreusse.ch\/de\/wp-json\/wp\/v2\/product_brand?post=17950"},{"taxonomy":"product_cat","embeddable":true,"href":"https:\/\/jeanreusse.ch\/de\/wp-json\/wp\/v2\/product_cat?post=17950"},{"taxonomy":"product_tag","embeddable":true,"href":"https:\/\/jeanreusse.ch\/de\/wp-json\/wp\/v2\/product_tag?post=17950"}],"curies":[{"name":"wp","href":"https:\/\/api.w.org\/{rel}","templated":true}]}}