{"id":17885,"date":"2025-01-07T15:49:24","date_gmt":"2025-01-07T15:49:24","guid":{"rendered":"https:\/\/jeanreusse.ch\/product\/gleichseitiger-verbinder-fur-schlauch-rpu-et\/"},"modified":"2025-01-29T14:27:57","modified_gmt":"2025-01-29T14:27:57","slug":"gleichseitiger-verbinder-fur-schlauch-rpu-et","status":"publish","type":"product","link":"https:\/\/jeanreusse.ch\/de\/produkt\/gleichseitiger-verbinder-fur-schlauch-rpu-et\/","title":{"rendered":"Gleichseitiger Verbinder f\u00fcr Schlauch &#8211; RPU ET"},"content":{"rendered":"<p>F\u00fcr Rohr mit Au\u00dfen-\u00d8 (mm)<br \/>\n                : 4<br \/>\nBetriebsdruck: 0 bis 10 bar<br \/>\nTemperatur: 0\u00b0C bis + 60\u00b0C<br \/>\nWerkstoff: Polymer und Messing vernickelt<\/p>\n","protected":false},"excerpt":{"rendered":"<p>F\u00fcr Rohr mit Au\u00dfen-\u00d8 (mm) : 4 Betriebsdruck: 0 bis 10 bar Temperatur: 0\u00b0C bis + 60\u00b0C Werkstoff: Polymer und Messing vernickelt<\/p>\n","protected":false},"featured_media":10787,"comment_status":"closed","ping_status":"open","template":"","meta":{"_acf_changed":false},"product_brand":[],"product_cat":[1222,1114,1086],"product_tag":[],"class_list":{"0":"post-17885","1":"product","2":"type-product","3":"status-publish","4":"has-post-thumbnail","6":"product_cat-polymer","7":"product_cat-schnellanschlusse","8":"product_cat-verbindung","11":"instock","12":"purchasable","13":"product-type-variable"},"acf":[],"_links":{"self":[{"href":"https:\/\/jeanreusse.ch\/de\/wp-json\/wp\/v2\/product\/17885","targetHints":{"allow":["GET"]}}],"collection":[{"href":"https:\/\/jeanreusse.ch\/de\/wp-json\/wp\/v2\/product"}],"about":[{"href":"https:\/\/jeanreusse.ch\/de\/wp-json\/wp\/v2\/types\/product"}],"replies":[{"embeddable":true,"href":"https:\/\/jeanreusse.ch\/de\/wp-json\/wp\/v2\/comments?post=17885"}],"wp:featuredmedia":[{"embeddable":true,"href":"https:\/\/jeanreusse.ch\/de\/wp-json\/wp\/v2\/media\/10787"}],"wp:attachment":[{"href":"https:\/\/jeanreusse.ch\/de\/wp-json\/wp\/v2\/media?parent=17885"}],"wp:term":[{"taxonomy":"product_brand","embeddable":true,"href":"https:\/\/jeanreusse.ch\/de\/wp-json\/wp\/v2\/product_brand?post=17885"},{"taxonomy":"product_cat","embeddable":true,"href":"https:\/\/jeanreusse.ch\/de\/wp-json\/wp\/v2\/product_cat?post=17885"},{"taxonomy":"product_tag","embeddable":true,"href":"https:\/\/jeanreusse.ch\/de\/wp-json\/wp\/v2\/product_tag?post=17885"}],"curies":[{"name":"wp","href":"https:\/\/api.w.org\/{rel}","templated":true}]}}