{"id":17336,"date":"2025-01-07T15:44:07","date_gmt":"2025-01-07T15:44:07","guid":{"rendered":"https:\/\/jeanreusse.ch\/product\/gerade-einschraubverbindung-mit-zylindrischem-ausengewinde-rpd-mg-2\/"},"modified":"2025-01-29T14:27:40","modified_gmt":"2025-01-29T14:27:40","slug":"gerade-einschraubverbindung-mit-zylindrischem-ausengewinde-rpd-mg-2","status":"publish","type":"product","link":"https:\/\/jeanreusse.ch\/de\/produkt\/gerade-einschraubverbindung-mit-zylindrischem-ausengewinde-rpd-mg-2\/","title":{"rendered":"Gerade Einschraubverbindung mit zylindrischem Au\u00dfengewinde &#8211; RPD MG"},"content":{"rendered":"<p>AG BSPP<br \/>\n                : G 1\/8<\/p>\n<p>                    F\u00fcr Rohr mit Au\u00dfen-\u00d8 (mm)<br \/>\n                : 4<br \/>\nBetriebsdruck: 0 bis 10 bar<br \/>\nTemperatur: 0\u00b0C bis + 60\u00b0C<br \/>\nWerkstoff: Polymer und Messing vernickelt<\/p>\n","protected":false},"excerpt":{"rendered":"<p>AG BSPP : G 1\/8 F\u00fcr Rohr mit Au\u00dfen-\u00d8 (mm) : 4 Betriebsdruck: 0 bis 10 bar Temperatur: 0\u00b0C bis + 60\u00b0C Werkstoff: Polymer und Messing vernickelt<\/p>\n","protected":false},"featured_media":10104,"comment_status":"closed","ping_status":"open","template":"","meta":{"_acf_changed":false},"product_brand":[],"product_cat":[1222,1114,1086],"product_tag":[],"class_list":{"0":"post-17336","1":"product","2":"type-product","3":"status-publish","4":"has-post-thumbnail","6":"product_cat-polymer","7":"product_cat-schnellanschlusse","8":"product_cat-verbindung","11":"instock","12":"product-type-variable"},"acf":[],"_links":{"self":[{"href":"https:\/\/jeanreusse.ch\/de\/wp-json\/wp\/v2\/product\/17336","targetHints":{"allow":["GET"]}}],"collection":[{"href":"https:\/\/jeanreusse.ch\/de\/wp-json\/wp\/v2\/product"}],"about":[{"href":"https:\/\/jeanreusse.ch\/de\/wp-json\/wp\/v2\/types\/product"}],"replies":[{"embeddable":true,"href":"https:\/\/jeanreusse.ch\/de\/wp-json\/wp\/v2\/comments?post=17336"}],"wp:featuredmedia":[{"embeddable":true,"href":"https:\/\/jeanreusse.ch\/de\/wp-json\/wp\/v2\/media\/10104"}],"wp:attachment":[{"href":"https:\/\/jeanreusse.ch\/de\/wp-json\/wp\/v2\/media?parent=17336"}],"wp:term":[{"taxonomy":"product_brand","embeddable":true,"href":"https:\/\/jeanreusse.ch\/de\/wp-json\/wp\/v2\/product_brand?post=17336"},{"taxonomy":"product_cat","embeddable":true,"href":"https:\/\/jeanreusse.ch\/de\/wp-json\/wp\/v2\/product_cat?post=17336"},{"taxonomy":"product_tag","embeddable":true,"href":"https:\/\/jeanreusse.ch\/de\/wp-json\/wp\/v2\/product_tag?post=17336"}],"curies":[{"name":"wp","href":"https:\/\/api.w.org\/{rel}","templated":true}]}}