{"id":17276,"date":"2025-01-07T15:43:03","date_gmt":"2025-01-07T15:43:03","guid":{"rendered":"https:\/\/jeanreusse.ch\/product\/tragerkonsole-groses-modell-fur-schlauchaufroller-dmo-dgo-dvo-dgf-dsf-dpf-drf-dmf\/"},"modified":"2025-01-29T14:27:32","modified_gmt":"2025-01-29T14:27:32","slug":"tragerkonsole-groses-modell-fur-schlauchaufroller-dmo-dgo-dvo-dgf-dsf-dpf-drf-dmf","status":"publish","type":"product","link":"https:\/\/jeanreusse.ch\/de\/produkt\/tragerkonsole-groses-modell-fur-schlauchaufroller-dmo-dgo-dvo-dgf-dsf-dpf-drf-dmf\/","title":{"rendered":"Tr\u00e4gerkonsole gro\u00dfes Modell f\u00fcr Schlauchaufroller DMO &#8211; DGO &#8211; DVO &#8211; DGF &#8211; DSF &#8211; DPF &#8211; DRF &#8211; DMF"},"content":{"rendered":"<p>Inhalt<br \/>\n                : &#8211; 1 Tr\u00e4gerkonsole PLA 2000N<br \/>\n&#8211; 4 Stahlanker<br \/>\n&#8211; Schrauben &#038; Muttern<br \/>\n&#8211; 1 Gummistopfen<\/p>\n<p>                    Einsatzeignung<br \/>\n                : Tr\u00e4gerkonsole f\u00fcr Schlauchaufroller DMO-DGO-DVO-DGF-DSF-DPF-DRF- DMF<\/p>\n<p>                    Gewicht (max. kg)<br \/>\n                : 100<br \/>\nWerkstoff: Galvanischer Stahl, Polyester-Lack<br \/>\nAnwendungen: Befestigungssystem f\u00fcr IPN\/HEA Tr\u00e4ger<br \/>\nVorteile: Ergonomie am Arbeitsplatz<\/p>\n","protected":false},"excerpt":{"rendered":"<p>Inhalt : &#8211; 1 Tr\u00e4gerkonsole PLA 2000N &#8211; 4 Stahlanker &#8211; Schrauben &#038; Muttern &#8211; 1 Gummistopfen Einsatzeignung : Tr\u00e4gerkonsole f\u00fcr Schlauchaufroller DMO-DGO-DVO-DGF-DSF-DPF-DRF- DMF Gewicht (max. kg) : 100 Werkstoff: Galvanischer Stahl, Polyester-Lack Anwendungen: Befestigungssystem f\u00fcr IPN\/HEA Tr\u00e4ger Vorteile: Ergonomie am Arbeitsplatz<\/p>\n","protected":false},"featured_media":9984,"comment_status":"closed","ping_status":"open","template":"","meta":{"_acf_changed":false},"product_brand":[],"product_cat":[1112,1088],"product_tag":[],"class_list":{"0":"post-17276","1":"product","2":"type-product","3":"status-publish","4":"has-post-thumbnail","6":"product_cat-ausrustungsteile","7":"product_cat-vertrieb","10":"instock","11":"purchasable","12":"product-type-simple"},"acf":[],"_links":{"self":[{"href":"https:\/\/jeanreusse.ch\/de\/wp-json\/wp\/v2\/product\/17276","targetHints":{"allow":["GET"]}}],"collection":[{"href":"https:\/\/jeanreusse.ch\/de\/wp-json\/wp\/v2\/product"}],"about":[{"href":"https:\/\/jeanreusse.ch\/de\/wp-json\/wp\/v2\/types\/product"}],"replies":[{"embeddable":true,"href":"https:\/\/jeanreusse.ch\/de\/wp-json\/wp\/v2\/comments?post=17276"}],"wp:featuredmedia":[{"embeddable":true,"href":"https:\/\/jeanreusse.ch\/de\/wp-json\/wp\/v2\/media\/9984"}],"wp:attachment":[{"href":"https:\/\/jeanreusse.ch\/de\/wp-json\/wp\/v2\/media?parent=17276"}],"wp:term":[{"taxonomy":"product_brand","embeddable":true,"href":"https:\/\/jeanreusse.ch\/de\/wp-json\/wp\/v2\/product_brand?post=17276"},{"taxonomy":"product_cat","embeddable":true,"href":"https:\/\/jeanreusse.ch\/de\/wp-json\/wp\/v2\/product_cat?post=17276"},{"taxonomy":"product_tag","embeddable":true,"href":"https:\/\/jeanreusse.ch\/de\/wp-json\/wp\/v2\/product_tag?post=17276"}],"curies":[{"name":"wp","href":"https:\/\/api.w.org\/{rel}","templated":true}]}}