{"id":17125,"date":"2025-01-07T16:38:04","date_gmt":"2025-01-07T16:38:04","guid":{"rendered":"https:\/\/jeanreusse.ch\/product\/pps1-cirsi-halteklemme-fur-kugelhahn\/"},"modified":"2025-02-18T13:54:15","modified_gmt":"2025-02-18T13:54:15","slug":"pps1-cirsi-halteklemme-fur-kugelhahn","status":"publish","type":"product","link":"https:\/\/jeanreusse.ch\/de\/produkt\/pps1-cirsi-halteklemme-fur-kugelhahn\/","title":{"rendered":"PPS1 CIRSI &#8211; Halteklemme f\u00fcr Kugelhahn"},"content":{"rendered":"<p>F\u00fcr Rohr mit Au\u00dfen-\u00d8<br \/>\n: (1) 16<br \/>\nTechnologie: PPS Grip Concept<br \/>\nBetriebsdruck: 0 bis 16 bar<br \/>\nVakuumfestigkeit: -0.98 bar (Vakuum 98%)<br \/>\nTemperatur: -20\u00b0C bis +80\u00b0C<br \/>\nWerkstoff: Druckluftleitung und Kupplung: alu.<br \/>\nVorteile: Ausbauf\u00e4higes System<br \/>\nErf\u00fcllt die Normen: PED REACH<\/p>\n","protected":false},"excerpt":{"rendered":"<p>F\u00fcr Rohr mit Au\u00dfen-\u00d8 : (1) 16 Technologie: PPS Grip Concept Betriebsdruck: 0 bis 16 bar Vakuumfestigkeit: -0.98 bar (Vakuum 98%) Temperatur: -20\u00b0C bis +80\u00b0C Werkstoff: Druckluftleitung und Kupplung: alu. Vorteile: Ausbauf\u00e4higes System Erf\u00fcllt die Normen: PED REACH<\/p>\n","protected":false},"featured_media":21099,"comment_status":"closed","ping_status":"closed","template":"","meta":{"_acf_changed":false},"product_brand":[],"product_cat":[],"product_tag":[],"class_list":{"0":"post-17125","1":"product","2":"type-product","3":"status-publish","4":"has-post-thumbnail","8":"instock","9":"purchasable","10":"product-type-simple"},"acf":[],"_links":{"self":[{"href":"https:\/\/jeanreusse.ch\/de\/wp-json\/wp\/v2\/product\/17125","targetHints":{"allow":["GET"]}}],"collection":[{"href":"https:\/\/jeanreusse.ch\/de\/wp-json\/wp\/v2\/product"}],"about":[{"href":"https:\/\/jeanreusse.ch\/de\/wp-json\/wp\/v2\/types\/product"}],"replies":[{"embeddable":true,"href":"https:\/\/jeanreusse.ch\/de\/wp-json\/wp\/v2\/comments?post=17125"}],"wp:featuredmedia":[{"embeddable":true,"href":"https:\/\/jeanreusse.ch\/de\/wp-json\/wp\/v2\/media\/21099"}],"wp:attachment":[{"href":"https:\/\/jeanreusse.ch\/de\/wp-json\/wp\/v2\/media?parent=17125"}],"wp:term":[{"taxonomy":"product_brand","embeddable":true,"href":"https:\/\/jeanreusse.ch\/de\/wp-json\/wp\/v2\/product_brand?post=17125"},{"taxonomy":"product_cat","embeddable":true,"href":"https:\/\/jeanreusse.ch\/de\/wp-json\/wp\/v2\/product_cat?post=17125"},{"taxonomy":"product_tag","embeddable":true,"href":"https:\/\/jeanreusse.ch\/de\/wp-json\/wp\/v2\/product_tag?post=17125"}],"curies":[{"name":"wp","href":"https:\/\/api.w.org\/{rel}","templated":true}]}}