{"id":16904,"date":"2025-01-07T15:39:24","date_gmt":"2025-01-07T14:39:24","guid":{"rendered":"https:\/\/jeanreusse.ch\/product\/pps1-bfv-gerade-anbohrschelle-mit-montiertem-kugelhahn\/"},"modified":"2025-01-29T14:26:58","modified_gmt":"2025-01-29T14:26:58","slug":"pps1-bfv-gerade-anbohrschelle-mit-montiertem-kugelhahn","status":"publish","type":"product","link":"https:\/\/jeanreusse.ch\/de\/produkt\/pps1-bfv-gerade-anbohrschelle-mit-montiertem-kugelhahn\/","title":{"rendered":"PPS1 BFV &#8211; Gerade Anbohrschelle mit montiertem Kugelhahn"},"content":{"rendered":"<p>F\u00fcr Rohr mit Au\u00dfen-\u00d8<br \/>\n                : (2) 25<\/p>\n<p>                    IG BSPP<br \/>\n                : G 1\/2<br \/>\nTechnologie: PPS Grip Concept<br \/>\nBetriebsdruck: 0 bis 16 bar<br \/>\nVakuumfestigkeit: -0.98 bar (Vakuum 98%)<br \/>\nTemperatur: -20\u00b0C bis +80\u00b0C<br \/>\nWerkstoff: Druckluftleitung und Kupplung: alu.<br \/>\nVorteile: Ausbauf\u00e4higes System<br \/>\nErf\u00fcllt die Normen: PED REACH<\/p>\n","protected":false},"excerpt":{"rendered":"<p>F\u00fcr Rohr mit Au\u00dfen-\u00d8 : (2) 25 IG BSPP : G 1\/2 Technologie: PPS Grip Concept Betriebsdruck: 0 bis 16 bar Vakuumfestigkeit: -0.98 bar (Vakuum 98%) Temperatur: -20\u00b0C bis +80\u00b0C Werkstoff: Druckluftleitung und Kupplung: alu. Vorteile: Ausbauf\u00e4higes System Erf\u00fcllt die Normen: PED REACH<\/p>\n","protected":false},"featured_media":21836,"comment_status":"closed","ping_status":"closed","template":"","meta":{"_acf_changed":false},"product_brand":[],"product_cat":[1200,1106,1088],"product_tag":[],"class_list":{"0":"post-16904","1":"product","2":"type-product","3":"status-publish","4":"has-post-thumbnail","6":"product_cat-einschraubflansch","7":"product_cat-netzwerkteile","8":"product_cat-vertrieb","11":"instock","12":"product-type-variable"},"acf":[],"_links":{"self":[{"href":"https:\/\/jeanreusse.ch\/de\/wp-json\/wp\/v2\/product\/16904","targetHints":{"allow":["GET"]}}],"collection":[{"href":"https:\/\/jeanreusse.ch\/de\/wp-json\/wp\/v2\/product"}],"about":[{"href":"https:\/\/jeanreusse.ch\/de\/wp-json\/wp\/v2\/types\/product"}],"replies":[{"embeddable":true,"href":"https:\/\/jeanreusse.ch\/de\/wp-json\/wp\/v2\/comments?post=16904"}],"wp:featuredmedia":[{"embeddable":true,"href":"https:\/\/jeanreusse.ch\/de\/wp-json\/wp\/v2\/media\/21836"}],"wp:attachment":[{"href":"https:\/\/jeanreusse.ch\/de\/wp-json\/wp\/v2\/media?parent=16904"}],"wp:term":[{"taxonomy":"product_brand","embeddable":true,"href":"https:\/\/jeanreusse.ch\/de\/wp-json\/wp\/v2\/product_brand?post=16904"},{"taxonomy":"product_cat","embeddable":true,"href":"https:\/\/jeanreusse.ch\/de\/wp-json\/wp\/v2\/product_cat?post=16904"},{"taxonomy":"product_tag","embeddable":true,"href":"https:\/\/jeanreusse.ch\/de\/wp-json\/wp\/v2\/product_tag?post=16904"}],"curies":[{"name":"wp","href":"https:\/\/api.w.org\/{rel}","templated":true}]}}