{"id":16609,"date":"2025-01-07T15:37:03","date_gmt":"2025-01-07T14:37:03","guid":{"rendered":"https:\/\/jeanreusse.ch\/product\/pps1-un-aluminiumrohr-verbinder\/"},"modified":"2025-01-29T14:26:45","modified_gmt":"2025-01-29T14:26:45","slug":"pps1-un-aluminiumrohr-verbinder","status":"publish","type":"product","link":"https:\/\/jeanreusse.ch\/de\/produkt\/pps1-un-aluminiumrohr-verbinder\/","title":{"rendered":"PPS1 UN &#8211; Aluminiumrohr-Verbinder"},"content":{"rendered":"<p>F\u00fcr Rohr mit Au\u00dfen-\u00d8 (mm)<br \/>\n                : (1) 16<br \/>\nTechnologie: PPS Grip Concept<br \/>\nBetriebsdruck: 0 bis 16 bar<br \/>\nVakuumfestigkeit: -0.98 bar (Vakuum 98%)<br \/>\nTemperatur: -20\u00b0C bis +80\u00b0C<br \/>\nWerkstoff: Druckluftleitung und Kupplung: alu.<br \/>\nVorteile: Ausbauf\u00e4higes System<br \/>\nErf\u00fcllt die Normen: PED REACH<\/p>\n","protected":false},"excerpt":{"rendered":"<p>F\u00fcr Rohr mit Au\u00dfen-\u00d8 (mm) : (1) 16 Technologie: PPS Grip Concept Betriebsdruck: 0 bis 16 bar Vakuumfestigkeit: -0.98 bar (Vakuum 98%) Temperatur: -20\u00b0C bis +80\u00b0C Werkstoff: Druckluftleitung und Kupplung: alu. Vorteile: Ausbauf\u00e4higes System Erf\u00fcllt die Normen: PED REACH<\/p>\n","protected":false},"featured_media":21598,"comment_status":"closed","ping_status":"closed","template":"","meta":{"_acf_changed":false},"product_brand":[],"product_cat":[1106,1184,1088],"product_tag":[],"class_list":{"0":"post-16609","1":"product","2":"type-product","3":"status-publish","4":"has-post-thumbnail","6":"product_cat-netzwerkteile","7":"product_cat-vereinigung","8":"product_cat-vertrieb","11":"instock","12":"purchasable","13":"product-type-variable"},"acf":[],"_links":{"self":[{"href":"https:\/\/jeanreusse.ch\/de\/wp-json\/wp\/v2\/product\/16609","targetHints":{"allow":["GET"]}}],"collection":[{"href":"https:\/\/jeanreusse.ch\/de\/wp-json\/wp\/v2\/product"}],"about":[{"href":"https:\/\/jeanreusse.ch\/de\/wp-json\/wp\/v2\/types\/product"}],"replies":[{"embeddable":true,"href":"https:\/\/jeanreusse.ch\/de\/wp-json\/wp\/v2\/comments?post=16609"}],"wp:featuredmedia":[{"embeddable":true,"href":"https:\/\/jeanreusse.ch\/de\/wp-json\/wp\/v2\/media\/21598"}],"wp:attachment":[{"href":"https:\/\/jeanreusse.ch\/de\/wp-json\/wp\/v2\/media?parent=16609"}],"wp:term":[{"taxonomy":"product_brand","embeddable":true,"href":"https:\/\/jeanreusse.ch\/de\/wp-json\/wp\/v2\/product_brand?post=16609"},{"taxonomy":"product_cat","embeddable":true,"href":"https:\/\/jeanreusse.ch\/de\/wp-json\/wp\/v2\/product_cat?post=16609"},{"taxonomy":"product_tag","embeddable":true,"href":"https:\/\/jeanreusse.ch\/de\/wp-json\/wp\/v2\/product_tag?post=16609"}],"curies":[{"name":"wp","href":"https:\/\/api.w.org\/{rel}","templated":true}]}}