{"id":16597,"date":"2025-01-07T15:36:46","date_gmt":"2025-01-07T15:36:46","guid":{"rendered":"https:\/\/jeanreusse.ch\/product\/pps-aluminium-rohr-fur-stickstoff-grun\/"},"modified":"2025-01-29T14:26:44","modified_gmt":"2025-01-29T14:26:44","slug":"pps-aluminium-rohr-fur-stickstoff-grun","status":"publish","type":"product","link":"https:\/\/jeanreusse.ch\/de\/produkt\/pps-aluminium-rohr-fur-stickstoff-grun\/","title":{"rendered":"PPS &#8211; Aluminium-Rohr f\u00fcr Stickstoff (Gr\u00fcn)"},"content":{"rendered":"<p>Rohrau\u00dfen-\u00d8 (mm)<br \/>\n                : 20<\/p>\n<p>                    L\u00e4nge (m)<br \/>\n                : 5,5<br \/>\nTechnologie: PPS Grip Concept<br \/>\nBetriebsdruck: 0 bis 16 bar<br \/>\nVakuumfestigkeit: -0.98 bar (Vakuum 98%)<br \/>\nTemperatur: -20\u00b0C bis +80\u00b0C<br \/>\nWerkstoff: Druckluftleitung und Kupplung: alu.<br \/>\nVorteile: Ausbauf\u00e4higes System<br \/>\nErf\u00fcllt die Normen: PED REACH<\/p>\n","protected":false},"excerpt":{"rendered":"<p>Rohrau\u00dfen-\u00d8 (mm) : 20 L\u00e4nge (m) : 5,5 Technologie: PPS Grip Concept Betriebsdruck: 0 bis 16 bar Vakuumfestigkeit: -0.98 bar (Vakuum 98%) Temperatur: -20\u00b0C bis +80\u00b0C Werkstoff: Druckluftleitung und Kupplung: alu. Vorteile: Ausbauf\u00e4higes System Erf\u00fcllt die Normen: PED REACH<\/p>\n","protected":false},"featured_media":9036,"comment_status":"closed","ping_status":"open","template":"","meta":{"_acf_changed":false},"product_brand":[],"product_cat":[1182,1104,1088],"product_tag":[],"class_list":{"0":"post-16597","1":"product","2":"type-product","3":"status-publish","4":"has-post-thumbnail","6":"product_cat-grun","7":"product_cat-rohre","8":"product_cat-vertrieb","11":"instock","12":"product-type-variable"},"acf":[],"_links":{"self":[{"href":"https:\/\/jeanreusse.ch\/de\/wp-json\/wp\/v2\/product\/16597","targetHints":{"allow":["GET"]}}],"collection":[{"href":"https:\/\/jeanreusse.ch\/de\/wp-json\/wp\/v2\/product"}],"about":[{"href":"https:\/\/jeanreusse.ch\/de\/wp-json\/wp\/v2\/types\/product"}],"replies":[{"embeddable":true,"href":"https:\/\/jeanreusse.ch\/de\/wp-json\/wp\/v2\/comments?post=16597"}],"wp:featuredmedia":[{"embeddable":true,"href":"https:\/\/jeanreusse.ch\/de\/wp-json\/wp\/v2\/media\/9036"}],"wp:attachment":[{"href":"https:\/\/jeanreusse.ch\/de\/wp-json\/wp\/v2\/media?parent=16597"}],"wp:term":[{"taxonomy":"product_brand","embeddable":true,"href":"https:\/\/jeanreusse.ch\/de\/wp-json\/wp\/v2\/product_brand?post=16597"},{"taxonomy":"product_cat","embeddable":true,"href":"https:\/\/jeanreusse.ch\/de\/wp-json\/wp\/v2\/product_cat?post=16597"},{"taxonomy":"product_tag","embeddable":true,"href":"https:\/\/jeanreusse.ch\/de\/wp-json\/wp\/v2\/product_tag?post=16597"}],"curies":[{"name":"wp","href":"https:\/\/api.w.org\/{rel}","templated":true}]}}