{"id":16483,"date":"2025-01-07T15:36:02","date_gmt":"2025-01-07T15:36:02","guid":{"rendered":"https:\/\/jeanreusse.ch\/product\/schlauchtullen-mit-zylindrischem-ausengewinde\/"},"modified":"2025-01-29T14:26:34","modified_gmt":"2025-01-29T14:26:34","slug":"schlauchtullen-mit-zylindrischem-ausengewinde","status":"publish","type":"product","link":"https:\/\/jeanreusse.ch\/de\/produkt\/schlauchtullen-mit-zylindrischem-ausengewinde\/","title":{"rendered":"Schlaucht\u00fcllen mit zylindrischem Au\u00dfengewinde"},"content":{"rendered":"<p>AG BSPP<br \/>\n                : G 3\/4<\/p>\n<p>                    F\u00fcr Schlauch mit Innen-\u00d8 (mm)<br \/>\n                : 13<br \/>\nBetriebsdruck: 0 bis 10 bar<br \/>\nDurchflu\u00df: 24 l\/min (\u0394P = 0,3 bar mit Ventil),<br \/>\n33,5 l\/min (\u0394P = 0,3 bar ohne Ventil)<br \/>\nDurchgang: 9 mm<br \/>\nTemperatur: -15\u00b0C bis +60\u00b0C<br \/>\nWerkstoff: K\u00f6rper Messing verchromt<\/p>\n","protected":false},"excerpt":{"rendered":"<p>AG BSPP : G 3\/4 F\u00fcr Schlauch mit Innen-\u00d8 (mm) : 13 Betriebsdruck: 0 bis 10 bar Durchflu\u00df: 24 l\/min (\u0394P = 0,3 bar mit Ventil), 33,5 l\/min (\u0394P = 0,3 bar ohne Ventil) Durchgang: 9 mm Temperatur: -15\u00b0C bis +60\u00b0C Werkstoff: K\u00f6rper Messing verchromt<\/p>\n","protected":false},"featured_media":7603,"comment_status":"closed","ping_status":"open","template":"","meta":{"_acf_changed":false},"product_brand":[],"product_cat":[1114,1086,1256],"product_tag":[],"class_list":{"0":"post-16483","1":"product","2":"type-product","3":"status-publish","4":"has-post-thumbnail","6":"product_cat-schnellanschlusse","7":"product_cat-verbindung","8":"product_cat-wasserschaltungen","11":"instock","12":"purchasable","13":"product-type-variable"},"acf":[],"_links":{"self":[{"href":"https:\/\/jeanreusse.ch\/de\/wp-json\/wp\/v2\/product\/16483","targetHints":{"allow":["GET"]}}],"collection":[{"href":"https:\/\/jeanreusse.ch\/de\/wp-json\/wp\/v2\/product"}],"about":[{"href":"https:\/\/jeanreusse.ch\/de\/wp-json\/wp\/v2\/types\/product"}],"replies":[{"embeddable":true,"href":"https:\/\/jeanreusse.ch\/de\/wp-json\/wp\/v2\/comments?post=16483"}],"wp:featuredmedia":[{"embeddable":true,"href":"https:\/\/jeanreusse.ch\/de\/wp-json\/wp\/v2\/media\/7603"}],"wp:attachment":[{"href":"https:\/\/jeanreusse.ch\/de\/wp-json\/wp\/v2\/media?parent=16483"}],"wp:term":[{"taxonomy":"product_brand","embeddable":true,"href":"https:\/\/jeanreusse.ch\/de\/wp-json\/wp\/v2\/product_brand?post=16483"},{"taxonomy":"product_cat","embeddable":true,"href":"https:\/\/jeanreusse.ch\/de\/wp-json\/wp\/v2\/product_cat?post=16483"},{"taxonomy":"product_tag","embeddable":true,"href":"https:\/\/jeanreusse.ch\/de\/wp-json\/wp\/v2\/product_tag?post=16483"}],"curies":[{"name":"wp","href":"https:\/\/api.w.org\/{rel}","templated":true}]}}