{"id":16184,"date":"2025-01-07T16:28:01","date_gmt":"2025-01-07T16:28:01","guid":{"rendered":"https:\/\/jeanreusse.ch\/product\/purge-manuelle\/"},"modified":"2025-01-29T14:32:12","modified_gmt":"2025-01-29T14:32:12","slug":"purge-manuelle","status":"publish","type":"product","link":"https:\/\/jeanreusse.ch\/de\/produkt\/purge-manuelle\/","title":{"rendered":"Purge manuelle"},"content":{"rendered":"<p>Filetage m\u00e2le BSPP<br \/>\n                : G 1\/4<br \/>\nMati\u00e8re: Corps laiton<br \/>\nPoint fort: S\u00e9curit\u00e9 du r\u00e9seau<\/p>\n","protected":false},"excerpt":{"rendered":"<p>Filetage m\u00e2le BSPP : G 1\/4 Mati\u00e8re: Corps laiton Point fort: S\u00e9curit\u00e9 du r\u00e9seau<\/p>\n","protected":false},"featured_media":16186,"comment_status":"closed","ping_status":"open","template":"","meta":{"_acf_changed":false},"product_brand":[],"product_cat":[1089,1167,1441],"product_tag":[],"class_list":{"0":"post-16184","1":"product","2":"type-product","3":"status-publish","4":"has-post-thumbnail","6":"product_cat-distribution","7":"product_cat-separateurs-et-systemes-de-purge","8":"product_cat-purge","11":"instock","12":"purchasable","13":"product-type-variable"},"acf":[],"_links":{"self":[{"href":"https:\/\/jeanreusse.ch\/de\/wp-json\/wp\/v2\/product\/16184","targetHints":{"allow":["GET"]}}],"collection":[{"href":"https:\/\/jeanreusse.ch\/de\/wp-json\/wp\/v2\/product"}],"about":[{"href":"https:\/\/jeanreusse.ch\/de\/wp-json\/wp\/v2\/types\/product"}],"replies":[{"embeddable":true,"href":"https:\/\/jeanreusse.ch\/de\/wp-json\/wp\/v2\/comments?post=16184"}],"wp:featuredmedia":[{"embeddable":true,"href":"https:\/\/jeanreusse.ch\/de\/wp-json\/wp\/v2\/media\/16186"}],"wp:attachment":[{"href":"https:\/\/jeanreusse.ch\/de\/wp-json\/wp\/v2\/media?parent=16184"}],"wp:term":[{"taxonomy":"product_brand","embeddable":true,"href":"https:\/\/jeanreusse.ch\/de\/wp-json\/wp\/v2\/product_brand?post=16184"},{"taxonomy":"product_cat","embeddable":true,"href":"https:\/\/jeanreusse.ch\/de\/wp-json\/wp\/v2\/product_cat?post=16184"},{"taxonomy":"product_tag","embeddable":true,"href":"https:\/\/jeanreusse.ch\/de\/wp-json\/wp\/v2\/product_tag?post=16184"}],"curies":[{"name":"wp","href":"https:\/\/api.w.org\/{rel}","templated":true}]}}