{"id":15809,"date":"2025-01-07T16:25:02","date_gmt":"2025-01-07T16:25:02","guid":{"rendered":"https:\/\/jeanreusse.ch\/product\/ensemble-filtre-regulateur-lubrificateur-alto-3-20-bar-sur-portique\/"},"modified":"2025-01-29T14:31:56","modified_gmt":"2025-01-29T14:31:56","slug":"ensemble-filtre-regulateur-lubrificateur-alto-3-20-bar-sur-portique","status":"publish","type":"product","link":"https:\/\/jeanreusse.ch\/de\/produkt\/ensemble-filtre-regulateur-lubrificateur-alto-3-20-bar-sur-portique\/","title":{"rendered":"Ensemble filtre r\u00e9gulateur lubrificateur ALTO 3 20 bar, sur portique"},"content":{"rendered":"<p>Profil<br \/>\n                : ISO 6150 B<\/p>\n<p>                    D\u00e9bit (l\/min \u00e0 6 bar \u0394P : 0,6bar)<br \/>\n                : 833<\/p>\n<p>                    Entr\u00e9e 1 embout<br \/>\n                : IRP 06<\/p>\n<p>                    Filtration (\u00b5m)<br \/>\n                : 40<\/p>\n<p>                    Sortie 2 raccords<br \/>\n                : ISI 06<br \/>\nTemp\u00e9rature: +5\u00b0C  \u00e0 +50 \u00b0C<br \/>\nMati\u00e8re: Corps aluminium,<br \/>\nCuve polycarbonate et protection m\u00e9tallique<br \/>\nPoint fort: Facilement transportable<br \/>\nEquip\u00e9 de: Raccord et embout<\/p>\n","protected":false},"excerpt":{"rendered":"<p>Profil : ISO 6150 B D\u00e9bit (l\/min \u00e0 6 bar \u0394P : 0,6bar) : 833 Entr\u00e9e 1 embout : IRP 06 Filtration (\u00b5m) : 40 Sortie 2 raccords : ISI 06 Temp\u00e9rature: +5\u00b0C \u00e0 +50 \u00b0C Mati\u00e8re: Corps aluminium, Cuve polycarbonate et protection m\u00e9tallique Point fort: Facilement transportable Equip\u00e9 de: Raccord et embout<\/p>\n","protected":false},"featured_media":15811,"comment_status":"closed","ping_status":"open","template":"","meta":{"_acf_changed":false},"product_brand":[],"product_cat":[1089,1159,1427],"product_tag":[],"class_list":{"0":"post-15809","1":"product","2":"type-product","3":"status-publish","4":"has-post-thumbnail","6":"product_cat-distribution","7":"product_cat-traitement-dair","8":"product_cat-ensemble-de-traitement-dair","11":"instock","12":"purchasable","13":"product-type-variable"},"acf":[],"_links":{"self":[{"href":"https:\/\/jeanreusse.ch\/de\/wp-json\/wp\/v2\/product\/15809","targetHints":{"allow":["GET"]}}],"collection":[{"href":"https:\/\/jeanreusse.ch\/de\/wp-json\/wp\/v2\/product"}],"about":[{"href":"https:\/\/jeanreusse.ch\/de\/wp-json\/wp\/v2\/types\/product"}],"replies":[{"embeddable":true,"href":"https:\/\/jeanreusse.ch\/de\/wp-json\/wp\/v2\/comments?post=15809"}],"wp:featuredmedia":[{"embeddable":true,"href":"https:\/\/jeanreusse.ch\/de\/wp-json\/wp\/v2\/media\/15811"}],"wp:attachment":[{"href":"https:\/\/jeanreusse.ch\/de\/wp-json\/wp\/v2\/media?parent=15809"}],"wp:term":[{"taxonomy":"product_brand","embeddable":true,"href":"https:\/\/jeanreusse.ch\/de\/wp-json\/wp\/v2\/product_brand?post=15809"},{"taxonomy":"product_cat","embeddable":true,"href":"https:\/\/jeanreusse.ch\/de\/wp-json\/wp\/v2\/product_cat?post=15809"},{"taxonomy":"product_tag","embeddable":true,"href":"https:\/\/jeanreusse.ch\/de\/wp-json\/wp\/v2\/product_tag?post=15809"}],"curies":[{"name":"wp","href":"https:\/\/api.w.org\/{rel}","templated":true}]}}