{"id":15376,"date":"2025-01-07T16:22:13","date_gmt":"2025-01-07T16:22:13","guid":{"rendered":"https:\/\/jeanreusse.ch\/product\/alto-2-filtre-regulateur-avec-manometre-et-fixation-equipe-dun-raccord-de-securite-prevos1\/"},"modified":"2025-01-29T14:31:28","modified_gmt":"2025-01-29T14:31:28","slug":"alto-2-filtre-regulateur-avec-manometre-et-fixation-equipe-dun-raccord-de-securite-prevos1","status":"publish","type":"product","link":"https:\/\/jeanreusse.ch\/de\/produkt\/alto-2-filtre-regulateur-avec-manometre-et-fixation-equipe-dun-raccord-de-securite-prevos1\/","title":{"rendered":"ALTO 2 &#8211; Filtre r\u00e9gulateur avec manom\u00e8tre et fixation \u00e9quip\u00e9 d&#8217;un raccord de s\u00e9curite prevoS1"},"content":{"rendered":"<p>Filetage femelle BSPP<br \/>\n                : G 3\/8<\/p>\n<p>                    D\u00e9bit (l\/min \u00e0 7 bar \u0394P : 1 bar)<br \/>\n                : 833<\/p>\n<p>                    Pression max d&#8217;utilisation (bar)<br \/>\n                : 12<\/p>\n<p>                    Filtration (\u00b5m)<br \/>\n                : 25<\/p>\n<p>                    Equip\u00e9 d&#8217;un raccord<br \/>\n                : ISI 06<br \/>\nTemp\u00e9rature: +5\u00b0C  \u00e0 +50 \u00b0C<br \/>\nMati\u00e8re: Corps aluminium,<br \/>\nCuve polycarbonate et protection m\u00e9tallique<br \/>\nEquip\u00e9 de: Purge manuelle<\/p>\n","protected":false},"excerpt":{"rendered":"<p>Filetage femelle BSPP : G 3\/8 D\u00e9bit (l\/min \u00e0 7 bar \u0394P : 1 bar) : 833 Pression max d&#8217;utilisation (bar) : 12 Filtration (\u00b5m) : 25 Equip\u00e9 d&#8217;un raccord : ISI 06 Temp\u00e9rature: +5\u00b0C \u00e0 +50 \u00b0C Mati\u00e8re: Corps aluminium, Cuve polycarbonate et protection m\u00e9tallique Equip\u00e9 de: Purge manuelle<\/p>\n","protected":false},"featured_media":15378,"comment_status":"closed","ping_status":"open","template":"","meta":{"_acf_changed":false},"product_brand":[],"product_cat":[1089,1159,1419],"product_tag":[],"class_list":{"0":"post-15376","1":"product","2":"type-product","3":"status-publish","4":"has-post-thumbnail","6":"product_cat-distribution","7":"product_cat-traitement-dair","8":"product_cat-alto-2-traitement-dair","11":"instock","12":"purchasable","13":"product-type-variable"},"acf":[],"_links":{"self":[{"href":"https:\/\/jeanreusse.ch\/de\/wp-json\/wp\/v2\/product\/15376","targetHints":{"allow":["GET"]}}],"collection":[{"href":"https:\/\/jeanreusse.ch\/de\/wp-json\/wp\/v2\/product"}],"about":[{"href":"https:\/\/jeanreusse.ch\/de\/wp-json\/wp\/v2\/types\/product"}],"replies":[{"embeddable":true,"href":"https:\/\/jeanreusse.ch\/de\/wp-json\/wp\/v2\/comments?post=15376"}],"wp:featuredmedia":[{"embeddable":true,"href":"https:\/\/jeanreusse.ch\/de\/wp-json\/wp\/v2\/media\/15378"}],"wp:attachment":[{"href":"https:\/\/jeanreusse.ch\/de\/wp-json\/wp\/v2\/media?parent=15376"}],"wp:term":[{"taxonomy":"product_brand","embeddable":true,"href":"https:\/\/jeanreusse.ch\/de\/wp-json\/wp\/v2\/product_brand?post=15376"},{"taxonomy":"product_cat","embeddable":true,"href":"https:\/\/jeanreusse.ch\/de\/wp-json\/wp\/v2\/product_cat?post=15376"},{"taxonomy":"product_tag","embeddable":true,"href":"https:\/\/jeanreusse.ch\/de\/wp-json\/wp\/v2\/product_tag?post=15376"}],"curies":[{"name":"wp","href":"https:\/\/api.w.org\/{rel}","templated":true}]}}