{"id":14553,"date":"2025-01-07T16:16:14","date_gmt":"2025-01-07T16:16:14","guid":{"rendered":"https:\/\/jeanreusse.ch\/product\/serie-dgo-grand-modele-tuyau-caoutchouc\/"},"modified":"2025-01-29T14:30:49","modified_gmt":"2025-01-29T14:30:49","slug":"serie-dgo-grand-modele-tuyau-caoutchouc","status":"publish","type":"product","link":"https:\/\/jeanreusse.ch\/de\/produkt\/serie-dgo-grand-modele-tuyau-caoutchouc\/","title":{"rendered":"S\u00e9rie DGO &#8211; Grand mod\u00e8le &#8211; Tuyau caoutchouc"},"content":{"rendered":"<p>\u00d8 int.\/ext. (mm)<br \/>\n                : 10 x 17<\/p>\n<p>                    Long. (m)<br \/>\n                : 25<\/p>\n<p>                    Raccord<br \/>\n                : ISI 06<\/p>\n<p>                    D\u00e9bit (l\/min)<br \/>\n                : 500<\/p>\n<p>                    Entr\u00e9e tournante (BSPP)<br \/>\n                : G 3\/8 F<\/p>\n<p>                    Poids (kg)<br \/>\n                : 26<br \/>\nTechnologie: Blocage du tuyau par cliquet d&#8217;arr\u00eat<br \/>\nPression max d&#8217;utilisation: 12 bar<br \/>\nMati\u00e8re: Carter acier avec rev\u00eatement \u00e9poxy<br \/>\nRaccordement: 1 m de tuyau en entr\u00e9e<br \/>\nEquip\u00e9 de: Support fixe<\/p>\n","protected":false},"excerpt":{"rendered":"<p>\u00d8 int.\/ext. (mm) : 10 x 17 Long. (m) : 25 Raccord : ISI 06 D\u00e9bit (l\/min) : 500 Entr\u00e9e tournante (BSPP) : G 3\/8 F Poids (kg) : 26 Technologie: Blocage du tuyau par cliquet d&#8217;arr\u00eat Pression max d&#8217;utilisation: 12 bar Mati\u00e8re: Carter acier avec rev\u00eatement \u00e9poxy Raccordement: 1 m de tuyau en entr\u00e9e &hellip; <a href=\"https:\/\/jeanreusse.ch\/de\/produkt\/serie-dgo-grand-modele-tuyau-caoutchouc\/\" class=\"more-link\">Continue reading <span class=\"screen-reader-text\">S\u00e9rie DGO &#8211; Grand mod\u00e8le &#8211; Tuyau caoutchouc<\/span><\/a><\/p>\n","protected":false},"featured_media":14555,"comment_status":"closed","ping_status":"open","template":"","meta":{"_acf_changed":false},"product_brand":[],"product_cat":[1089,1140,1321],"product_tag":[],"class_list":{"0":"post-14553","1":"product","2":"type-product","3":"status-publish","4":"has-post-thumbnail","6":"product_cat-distribution","7":"product_cat-enrouleurs-air-comprime","8":"product_cat-ouvert-acier","11":"instock","12":"purchasable","13":"product-type-variable"},"acf":[],"_links":{"self":[{"href":"https:\/\/jeanreusse.ch\/de\/wp-json\/wp\/v2\/product\/14553","targetHints":{"allow":["GET"]}}],"collection":[{"href":"https:\/\/jeanreusse.ch\/de\/wp-json\/wp\/v2\/product"}],"about":[{"href":"https:\/\/jeanreusse.ch\/de\/wp-json\/wp\/v2\/types\/product"}],"replies":[{"embeddable":true,"href":"https:\/\/jeanreusse.ch\/de\/wp-json\/wp\/v2\/comments?post=14553"}],"wp:featuredmedia":[{"embeddable":true,"href":"https:\/\/jeanreusse.ch\/de\/wp-json\/wp\/v2\/media\/14555"}],"wp:attachment":[{"href":"https:\/\/jeanreusse.ch\/de\/wp-json\/wp\/v2\/media?parent=14553"}],"wp:term":[{"taxonomy":"product_brand","embeddable":true,"href":"https:\/\/jeanreusse.ch\/de\/wp-json\/wp\/v2\/product_brand?post=14553"},{"taxonomy":"product_cat","embeddable":true,"href":"https:\/\/jeanreusse.ch\/de\/wp-json\/wp\/v2\/product_cat?post=14553"},{"taxonomy":"product_tag","embeddable":true,"href":"https:\/\/jeanreusse.ch\/de\/wp-json\/wp\/v2\/product_tag?post=14553"}],"curies":[{"name":"wp","href":"https:\/\/api.w.org\/{rel}","templated":true}]}}