{"id":14346,"date":"2025-01-07T16:14:35","date_gmt":"2025-01-07T16:14:35","guid":{"rendered":"https:\/\/jeanreusse.ch\/product\/soufflette-encliquetable-avec-embout-iso-6150-b\/"},"modified":"2025-01-29T14:30:41","modified_gmt":"2025-01-29T14:30:41","slug":"soufflette-encliquetable-avec-embout-iso-6150-b","status":"publish","type":"product","link":"https:\/\/jeanreusse.ch\/de\/produkt\/soufflette-encliquetable-avec-embout-iso-6150-b\/","title":{"rendered":"Soufflette encliquetable avec embout ISO 6150 B"},"content":{"rendered":"<p>Profil<br \/>\n                : ISO 6150 B<\/p>\n<p>                    \u00d8 de passage (mm)<br \/>\n                : 6<\/p>\n<p>                    Compatibilit\u00e9<br \/>\n                : \u00e0 utiliser sur raccords_x005F_x000D_<br \/>\nISI 06 &#8211; IRC 06 &#8211; PROXI 06<br \/>\nPression max d&#8217;utilisation: 16 bar<br \/>\nD\u00e9bit sous 6 bar: 300 l\/min (\u0394P = 0,6 bar)<br \/>\nMati\u00e8re: Aluminium<br \/>\nNiveau sonore: 80 dB<\/p>\n","protected":false},"excerpt":{"rendered":"<p>Profil : ISO 6150 B \u00d8 de passage (mm) : 6 Compatibilit\u00e9 : \u00e0 utiliser sur raccords_x005F_x000D_ ISI 06 &#8211; IRC 06 &#8211; PROXI 06 Pression max d&#8217;utilisation: 16 bar D\u00e9bit sous 6 bar: 300 l\/min (\u0394P = 0,6 bar) Mati\u00e8re: Aluminium Niveau sonore: 80 dB<\/p>\n","protected":false},"featured_media":14348,"comment_status":"closed","ping_status":"open","template":"","meta":{"_acf_changed":false},"product_brand":[],"product_cat":[1089,1097,1311],"product_tag":[],"class_list":{"0":"post-14346","1":"product","2":"type-product","3":"status-publish","4":"has-post-thumbnail","6":"product_cat-distribution","7":"product_cat-souflettes","8":"product_cat-force-3","11":"instock","12":"purchasable","13":"product-type-simple"},"acf":[],"_links":{"self":[{"href":"https:\/\/jeanreusse.ch\/de\/wp-json\/wp\/v2\/product\/14346","targetHints":{"allow":["GET"]}}],"collection":[{"href":"https:\/\/jeanreusse.ch\/de\/wp-json\/wp\/v2\/product"}],"about":[{"href":"https:\/\/jeanreusse.ch\/de\/wp-json\/wp\/v2\/types\/product"}],"replies":[{"embeddable":true,"href":"https:\/\/jeanreusse.ch\/de\/wp-json\/wp\/v2\/comments?post=14346"}],"wp:featuredmedia":[{"embeddable":true,"href":"https:\/\/jeanreusse.ch\/de\/wp-json\/wp\/v2\/media\/14348"}],"wp:attachment":[{"href":"https:\/\/jeanreusse.ch\/de\/wp-json\/wp\/v2\/media?parent=14346"}],"wp:term":[{"taxonomy":"product_brand","embeddable":true,"href":"https:\/\/jeanreusse.ch\/de\/wp-json\/wp\/v2\/product_brand?post=14346"},{"taxonomy":"product_cat","embeddable":true,"href":"https:\/\/jeanreusse.ch\/de\/wp-json\/wp\/v2\/product_cat?post=14346"},{"taxonomy":"product_tag","embeddable":true,"href":"https:\/\/jeanreusse.ch\/de\/wp-json\/wp\/v2\/product_tag?post=14346"}],"curies":[{"name":"wp","href":"https:\/\/api.w.org\/{rel}","templated":true}]}}