{"id":14325,"date":"2025-01-07T16:14:19","date_gmt":"2025-01-07T16:14:19","guid":{"rendered":"https:\/\/jeanreusse.ch\/product\/soufflette-buse-droite-anti-rayures\/"},"modified":"2025-01-29T14:30:38","modified_gmt":"2025-01-29T14:30:38","slug":"soufflette-buse-droite-anti-rayures","status":"publish","type":"product","link":"https:\/\/jeanreusse.ch\/de\/produkt\/soufflette-buse-droite-anti-rayures\/","title":{"rendered":"Soufflette buse droite anti rayures"},"content":{"rendered":"<p>Profil<br \/>\n                : ISO 6150 B<\/p>\n<p>                    \u00d8 de passage (mm)<br \/>\n                : 6<\/p>\n<p>                    Conso d&#8217;air (\u00e0 6 bar (Nm3\/h))<br \/>\n                : 15<\/p>\n<p>                    Niveau sonore (\u00e0 6 bar (dBA))<br \/>\n                : 84<br \/>\nPression max d&#8217;utilisation: 10 bar<br \/>\nMati\u00e8re: Corps composite Polyamide<br \/>\nPoint fort: Progressivit\u00e9 de soufflage<\/p>\n","protected":false},"excerpt":{"rendered":"<p>Profil : ISO 6150 B \u00d8 de passage (mm) : 6 Conso d&#8217;air (\u00e0 6 bar (Nm3\/h)) : 15 Niveau sonore (\u00e0 6 bar (dBA)) : 84 Pression max d&#8217;utilisation: 10 bar Mati\u00e8re: Corps composite Polyamide Point fort: Progressivit\u00e9 de soufflage<\/p>\n","protected":false},"featured_media":14327,"comment_status":"closed","ping_status":"open","template":"","meta":{"_acf_changed":false},"product_brand":[],"product_cat":[1089,1097,1307],"product_tag":[],"class_list":{"0":"post-14325","1":"product","2":"type-product","3":"status-publish","4":"has-post-thumbnail","6":"product_cat-distribution","7":"product_cat-souflettes","8":"product_cat-avec-embouts","11":"instock","12":"purchasable","13":"product-type-variable"},"acf":[],"_links":{"self":[{"href":"https:\/\/jeanreusse.ch\/de\/wp-json\/wp\/v2\/product\/14325","targetHints":{"allow":["GET"]}}],"collection":[{"href":"https:\/\/jeanreusse.ch\/de\/wp-json\/wp\/v2\/product"}],"about":[{"href":"https:\/\/jeanreusse.ch\/de\/wp-json\/wp\/v2\/types\/product"}],"replies":[{"embeddable":true,"href":"https:\/\/jeanreusse.ch\/de\/wp-json\/wp\/v2\/comments?post=14325"}],"wp:featuredmedia":[{"embeddable":true,"href":"https:\/\/jeanreusse.ch\/de\/wp-json\/wp\/v2\/media\/14327"}],"wp:attachment":[{"href":"https:\/\/jeanreusse.ch\/de\/wp-json\/wp\/v2\/media?parent=14325"}],"wp:term":[{"taxonomy":"product_brand","embeddable":true,"href":"https:\/\/jeanreusse.ch\/de\/wp-json\/wp\/v2\/product_brand?post=14325"},{"taxonomy":"product_cat","embeddable":true,"href":"https:\/\/jeanreusse.ch\/de\/wp-json\/wp\/v2\/product_cat?post=14325"},{"taxonomy":"product_tag","embeddable":true,"href":"https:\/\/jeanreusse.ch\/de\/wp-json\/wp\/v2\/product_tag?post=14325"}],"curies":[{"name":"wp","href":"https:\/\/api.w.org\/{rel}","templated":true}]}}